{"id":1012,"date":"2023-03-19T14:59:18","date_gmt":"2023-03-19T13:59:18","guid":{"rendered":"https:\/\/martin-forciniti.net\/stadtteilzentrum\/?page_id=1012"},"modified":"2023-03-19T15:00:18","modified_gmt":"2023-03-19T14:00:18","slug":"kuechen","status":"publish","type":"page","link":"https:\/\/stadtteilzentrum.info\/?page_id=1012","title":{"rendered":"K\u00fcchen"},"content":{"rendered":"<h1>K\u00fcchen<\/h1>\n<div>\n<h3>Nutzung der K\u00fcchen kostenfrei<\/h3>\n<\/div>\n<ul>\n<li>\n<p>        <img decoding=\"async\" src=\"\/stadtteilzentrum\/wp-content\/uploads\/2016\/04\/SVW_d.jpg\" alt=\"\"><\/p>\n<\/li>\n<li>\n<p>        <img decoding=\"async\" src=\"\/stadtteilzentrum\/wp-content\/uploads\/2016\/04\/P1070244.jpg\" alt=\"\"><\/p>\n<\/li>\n<li>\n<p>        <img decoding=\"async\" src=\"\/stadtteilzentrum\/wp-content\/uploads\/2016\/04\/IMG_0767.jpg\" alt=\"\"><\/p>\n<\/li>\n<li>\n<p>        <img decoding=\"async\" src=\"\/stadtteilzentrum\/wp-content\/uploads\/2016\/04\/P1070245.jpg\" alt=\"\"><\/p>\n<\/li>\n<li>\n<p>        <img decoding=\"async\" src=\"\/stadtteilzentrum\/wp-content\/uploads\/2016\/04\/P1070246.jpg\" alt=\"\"><\/p>\n<\/li>\n<\/ul>\n<div>\n<p><span>Nutzer der R\u00e4ume 1, 2 und 3 k\u00f6nnen kostenfrei die Bistrok\u00fcche im gleichen Stockwerk nutzen. Bei Nutzung des Saales im Erdgeschoss ist die Nutzung der K\u00fcche auf der gleichen Ebene kostenfrei.<\/span><\/p>\n<\/div>\n<div>\n<h3>Das Haus<\/h3>\n<\/div>\n<p><!--more--><br \/>\n<!-- {\"type\":\"layout\",\"children\":[{\"type\":\"section\",\"props\":{\"image_position\":\"center-center\",\"style\":\"default\",\"title_breakpoint\":\"xl\",\"title_position\":\"top-left\",\"title_rotation\":\"left\",\"vertical_align\":\"middle\",\"width\":\"default\"},\"children\":[{\"type\":\"row\",\"children\":[{\"type\":\"column\",\"props\":{\"image_position\":\"center-center\",\"media_overlay_gradient\":\"\",\"position_sticky_breakpoint\":\"m\"},\"children\":[{\"type\":\"headline\",\"props\":{\"content\":\"K\\u00fcchen\",\"title_element\":\"h1\"}}]}]},{\"type\":\"row\",\"props\":{\"layout\":\"2-3,1-3\"},\"children\":[{\"type\":\"column\",\"props\":{\"image_position\":\"center-center\",\"media_overlay_gradient\":\"\",\"position_sticky_breakpoint\":\"m\",\"width_medium\":\"2-3\"},\"children\":[{\"type\":\"text\",\"props\":{\"column_breakpoint\":\"m\",\"content\":\"\n\n<h3>Nutzung der K\\u00fcchen kostenfrei<\\\/h3>\",\"margin\":\"default\"},\"name\":\"K\\u00fcchen \\u00dcberschrift\"},{\"type\":\"gallery\",\"props\":{\"filter_align\":\"left\",\"filter_all\":true,\"filter_grid_breakpoint\":\"m\",\"filter_grid_width\":\"auto\",\"filter_position\":\"top\",\"filter_style\":\"tab\",\"grid_default\":\"1\",\"grid_large\":\"5\",\"grid_medium\":\"3\",\"image_height\":\"200\",\"image_width\":\"200\",\"item_animation\":true,\"link_style\":\"default\",\"link_text\":\"Read more\",\"margin\":\"default\",\"meta_align\":\"below-title\",\"meta_element\":\"div\",\"meta_style\":\"text-meta\",\"overlay_hover\":true,\"overlay_mode\":\"caption\",\"overlay_position\":\"center\",\"overlay_style\":\"tile-secondary\",\"overlay_transition\":\"fade\",\"show_content\":true,\"show_hover_image\":true,\"show_link\":true,\"show_meta\":true,\"show_title\":true,\"text_align\":\"center\",\"text_color\":\"light\",\"title_element\":\"h3\",\"title_hover_style\":\"reset\"},\"children\":[{\"type\":\"gallery_item\",\"props\":{\"image\":\"wp-content\\\/uploads\\\/2016\\\/04\\\/SVW_d.jpg\",\"title\":\"\"}},{\"type\":\"gallery_item\",\"props\":{\"content\":\"\",\"image\":\"wp-content\\\/uploads\\\/2016\\\/04\\\/P1070244.jpg\"}},{\"type\":\"gallery_item\",\"props\":{\"content\":\"\",\"image\":\"wp-content\\\/uploads\\\/2016\\\/04\\\/IMG_0767.jpg\",\"tags\":\"\",\"title\":\"\"}},{\"type\":\"gallery_item\",\"props\":{\"content\":\"\",\"image\":\"wp-content\\\/uploads\\\/2016\\\/04\\\/P1070245.jpg\"}},{\"type\":\"gallery_item\",\"props\":{\"content\":\"\",\"image\":\"wp-content\\\/uploads\\\/2016\\\/04\\\/P1070246.jpg\"}}],\"name\":\"K\\u00fcchen Gallerie\"},{\"type\":\"text\",\"props\":{\"column_breakpoint\":\"m\",\"content\":\"\n\n<p><span>Nutzer der R\\u00e4ume 1, 2 und 3 k\\u00f6nnen kostenfrei die Bistrok\\u00fcche im gleichen Stockwerk nutzen. Bei Nutzung des Saales im Erdgeschoss ist die Nutzung der K\\u00fcche auf der gleichen Ebene kostenfrei.<\\\/span><\\\/p>\",\"margin\":\"default\"},\"name\":\"K\\u00fcchen text\"}]},{\"type\":\"column\",\"props\":{\"image_position\":\"center-center\",\"media_overlay_gradient\":\"\",\"position_sticky_breakpoint\":\"m\",\"width_medium\":\"1-3\"},\"children\":[{\"type\":\"module\",\"props\":{\"menu_image_align\":\"center\",\"menu_image_margin\":true,\"menu_style\":\"default\",\"menu_type\":\"nav\",\"type\":\"search\",\"widget\":\"search-2\"}},{\"type\":\"text\",\"props\":{\"column_breakpoint\":\"m\",\"content\":\"\n\n<h3>Das Haus<\\\/h3>\",\"margin\":\"default\"}},{\"type\":\"module\",\"props\":{\"menu_image_align\":\"center\",\"menu_image_margin\":true,\"menu_style\":\"default\",\"menu_type\":\"nav\",\"type\":\"text\",\"widget\":\"text-9\"}}]}]}],\"name\":\"Vorlage R\\u00e4ume\"}],\"version\":\"3.0.26\"} --><\/p>\n","protected":false},"excerpt":{"rendered":"<p>K\u00fcchen Nutzung der K\u00fcchen kostenfrei Nutzer der R\u00e4ume 1, 2 und 3 k\u00f6nnen kostenfrei die Bistrok\u00fcche im gleichen Stockwerk nutzen. Bei Nutzung des Saales im Erdgeschoss ist die Nutzung der K\u00fcche auf der gleichen Ebene kostenfrei. Das Haus<\/p>\n","protected":false},"author":3,"featured_media":0,"parent":0,"menu_order":0,"comment_status":"closed","ping_status":"closed","template":"","meta":{"footnotes":""},"class_list":["post-1012","page","type-page","status-publish","hentry"],"_links":{"self":[{"href":"https:\/\/stadtteilzentrum.info\/index.php?rest_route=\/wp\/v2\/pages\/1012","targetHints":{"allow":["GET"]}}],"collection":[{"href":"https:\/\/stadtteilzentrum.info\/index.php?rest_route=\/wp\/v2\/pages"}],"about":[{"href":"https:\/\/stadtteilzentrum.info\/index.php?rest_route=\/wp\/v2\/types\/page"}],"author":[{"embeddable":true,"href":"https:\/\/stadtteilzentrum.info\/index.php?rest_route=\/wp\/v2\/users\/3"}],"replies":[{"embeddable":true,"href":"https:\/\/stadtteilzentrum.info\/index.php?rest_route=%2Fwp%2Fv2%2Fcomments&post=1012"}],"version-history":[{"count":3,"href":"https:\/\/stadtteilzentrum.info\/index.php?rest_route=\/wp\/v2\/pages\/1012\/revisions"}],"predecessor-version":[{"id":1015,"href":"https:\/\/stadtteilzentrum.info\/index.php?rest_route=\/wp\/v2\/pages\/1012\/revisions\/1015"}],"wp:attachment":[{"href":"https:\/\/stadtteilzentrum.info\/index.php?rest_route=%2Fwp%2Fv2%2Fmedia&parent=1012"}],"curies":[{"name":"wp","href":"https:\/\/api.w.org\/{rel}","templated":true}]}}