{"id":106,"date":"2016-04-03T09:00:06","date_gmt":"2016-04-03T07:00:06","guid":{"rendered":"http:\/\/stadtteilzentrum.info\/?page_id=106"},"modified":"2023-03-17T09:15:33","modified_gmt":"2023-03-17T08:15:33","slug":"ueber-uns","status":"publish","type":"page","link":"https:\/\/stadtteilzentrum.info\/?page_id=106","title":{"rendered":"\u00dcber uns"},"content":{"rendered":"<h1>\u00dcber uns<\/h1>\n<p><img decoding=\"async\" src=\"\/stadtteilzentrum\/wp-content\/uploads\/2016\/04\/Foto-2.png\" alt=\"\"><\/p>\n<div>\n<h2>Die zentralen B\u00fcrgerr\u00e4ume in Kassel<\/h2>\n<p>Das Stadtteilzentrum Vorderer Westen (SVW) wird von der Evangelischen Friedenskirche Kassel getragen. Von 1959 bis 2012 nutzte die Kirchengemeinde das Geb\u00e4ude als Gemeindehaus.<\/p>\n<p>Die Kirchengemeinde der Friedenskirche freut sich, dass dieses Projekt vor allem mit \u00f6ffentlichen F\u00f6rdermitteln, aber auch einem gro\u00dfen Anteil an kirchlichen Mitteln finanziert werden konnte. Ein gro\u00dfer Dank geht dabei an die an der Planung, Entwicklung und Umsetzung Beteiligten: die Stadtplanung der Stadt Kassel, das Architekturb\u00fcro CrepD und die Bauabteilung des Stadtkirchenamtes. Hier sind in erster Linie aber auch die Mitglieder des Kuratoriums und des Hausrates zu nennen, die das Projekt \u00fcber einen Zeitraum von mehreren Jahren vorangetrieben haben.<\/p>\n<p>Namentlich danken wir Hans-Helmut Nolte f\u00fcr die Machbarkeitsstudie. Auf dieser Grundlage konnten F\u00f6rdergelder f\u00fcr den Umbau bei der Stadt Kassel und dem Land Hessen beantragt werden.<span>\u00a0<\/span><span id=\"yiv5363963122yui_3_16_0_ym18_1_1459755638610_3126\">Bei den Anfangs\u00fcberlegungen war Wolfgang Rudolph als Ortsvortsteher ma\u00dfgeblich beteiligt. Von Seiten der Stadt Kassel begleitete Carlo Frohnapfel (Stadtplanungsamt) den Umbau.<\/span><\/p>\n<\/div>\n<div>\n<h2>Hausrat<\/h2>\n<p>Der Hausrat besteht aus vier Ehrenamtlichen und den beiden Pfarrern der Evangelischen Friedenskirche. Sie managen die Hausverwaltung und treffen sich alle 14 Tage, um den Betrieb des Hauses sicherzustellen.<\/p>\n<\/div>\n<div>\n<h2>Das Stadtteilzentrum in Zahlen<\/h2>\n<p>1 Wohnung<\/p>\n<p>3 Gruppenr\u00e4ume und 1 Saal<\/p>\n<p>50 Jahre Gemeindehaus (1958-2012) und Stadtteilzentrum (2013-2018)<\/p>\n<p>450 Raumnutzen im Jahr<\/p>\n<p>1.400 qm Nutzfl\u00e4che auf vier Etagen<\/p>\n<p>37.000 Euro j\u00e4hrliche Betriebskosten<\/p>\n<p>400.000 DM Baukosten im Jahr 1958<\/p>\n<p>1.250.000 Euro Kosten f\u00fcr die Sanierung 2012\/2013<\/p>\n<h2>Vom Gemeindehaus zum Stadtteilzentrum<\/h2>\n<p><strong>5. Oktober 1958<span>\u00a0<\/span><\/strong>Der Neubau des Gemeindehauses wird der Nutzung \u00fcbergeben<\/p>\n<p><strong>2000er<span>\u00a0<\/span><\/strong>Kirchenvorstand diskutiert Weiternutzung des zu gro\u00dfen, renovierungsbed\u00fcrftigen Gemeindehauses<\/p>\n<p><strong>2010<span>\u00a0<\/span><\/strong>Stadtkirchenkreis Kassel gibt Machbarkeitsstudie in Auftrag<\/p>\n<p><strong>Februar 2011<\/strong>:\u00a0In der Zeitschrift \u201e<a href=\"http:\/\/www.ekkw.de\/blick-in-die-kirche\/download\/blick2_2011_Sitzungen_www.pdf\">Blick in die Kirche<\/a>\u201e, dem Mitarbeitermagazin des Landeskirchenamts der Evangelischen Kirche von Kurhessen-Waldeck, berichtet Albrecht Weisker \u00fcber das<span>\u00a0<\/span><a class=\"download\" href=\"http:\/\/www.vorderer-westen.net\/fileadmin\/user_upload\/Termine_2011\/blick_2_2011_S17-18.pdf\" target=\"_blank\" rel=\"noopener\">Projekt<\/a>.<\/p>\n<p><em>16 Monate Umbauphase ab Fr\u00fchjahr 2012 (<a href=\"https:\/\/www.hna.de\/kassel\/buergertreff-kommt-2013-1481500.html\">HNA-Artikel<\/a>)<br \/><\/em><\/p>\n<p><strong>29. September 2013<\/strong>: Tag der offenen T\u00fcren mit Er\u00f6ffnungsgottesdienst (Pr\u00f6pstin Katrin Wienold-Hocke) und Kirchenvorstandswahlen<\/p>\n<p><strong>30. September 2013<\/strong>: Die ersten Vermietungen konnten realisiert werden<\/p>\n<p><strong>26. Oktober 2013<\/strong>: Im Rahmen der Er\u00f6ffnung der \u201eStadtteilfestwochen\u201c zur 1100 Jahrfeier wurde das Haus um 15.00 Uhr offiziell \u00fcbergeben (<a href=\"https:\/\/www.hna.de\/kassel\/treffpunkt-stadtteil-3187181.html\">HNA-Artikel<\/a>).<\/p>\n<p><strong>November 2014<\/strong>: Die<span>\u00a0<\/span><a href=\"https:\/\/stadtteilzentrum.info\/flotte-sohle-55\/\">Flotte Sohle 55+<\/a><span>\u00a0<\/span>nutzt jetzt regelm\u00e4\u00dfig unsere R\u00e4ume<\/p>\n<p><strong>1. April 2016<\/strong>: Die Webseite stadtteilzentrum.info geht online.<\/p>\n<p><strong>22. September 2018<\/strong>: Das Quartier feiert 5 Jahre Stadtteilzentrum<\/p>\n<\/div>\n<p><!--more--><br \/>\n<!-- {\"type\":\"layout\",\"children\":[{\"type\":\"section\",\"props\":{\"image_position\":\"center-center\",\"style\":\"default\",\"title_breakpoint\":\"xl\",\"title_position\":\"top-left\",\"title_rotation\":\"left\",\"vertical_align\":\"middle\",\"width\":\"default\"},\"children\":[{\"type\":\"row\",\"children\":[{\"type\":\"column\",\"props\":{\"image_position\":\"center-center\",\"media_overlay_gradient\":\"\",\"position_sticky_breakpoint\":\"m\"},\"children\":[{\"type\":\"headline\",\"props\":{\"content\":\"\\u00dcber uns\",\"title_element\":\"h1\"}}]}]},{\"type\":\"row\",\"props\":{\"column_gap\":\"small\",\"layout\":\"1-3,2-3\"},\"children\":[{\"type\":\"column\",\"props\":{\"image_position\":\"center-center\",\"media_overlay_gradient\":\"\",\"position_sticky_breakpoint\":\"m\",\"width_medium\":\"1-3\"},\"children\":[{\"type\":\"image\",\"props\":{\"image\":\"wp-content\\\/uploads\\\/2016\\\/04\\\/Foto-2.png\",\"image_height\":\"500\",\"image_svg_color\":\"emphasis\",\"margin\":\"default\"}}]},{\"type\":\"column\",\"props\":{\"image_position\":\"center-center\",\"media_overlay_gradient\":\"\",\"position_sticky_breakpoint\":\"m\",\"width_medium\":\"2-3\"},\"children\":[{\"type\":\"text\",\"props\":{\"column_breakpoint\":\"m\",\"content\":\"\n\n<h2>Die zentralen B\\u00fcrgerr\\u00e4ume in Kassel<\\\/h2>\\n\n\n<p>Das Stadtteilzentrum Vorderer Westen (SVW) wird von der Evangelischen Friedenskirche Kassel getragen. Von 1959 bis 2012 nutzte die Kirchengemeinde das Geb\\u00e4ude als Gemeindehaus.<\\\/p>\\n\n\n<p>Die Kirchengemeinde der Friedenskirche freut sich, dass dieses Projekt vor allem mit \\u00f6ffentlichen F\\u00f6rdermitteln, aber auch einem gro\\u00dfen Anteil an kirchlichen Mitteln finanziert werden konnte. Ein gro\\u00dfer Dank geht dabei an die an der Planung, Entwicklung und Umsetzung Beteiligten: die Stadtplanung der Stadt Kassel, das Architekturb\\u00fcro CrepD und die Bauabteilung des Stadtkirchenamtes. Hier sind in erster Linie aber auch die Mitglieder des Kuratoriums und des Hausrates zu nennen, die das Projekt \\u00fcber einen Zeitraum von mehreren Jahren vorangetrieben haben.<\\\/p>\\n\n\n<p>Namentlich danken wir Hans-Helmut Nolte f\\u00fcr die Machbarkeitsstudie. Auf dieser Grundlage konnten F\\u00f6rdergelder f\\u00fcr den Umbau bei der Stadt Kassel und dem Land Hessen beantragt werden.<span>\\u00a0<\\\/span><span id=\\\"yiv5363963122yui_3_16_0_ym18_1_1459755638610_3126\\\">Bei den Anfangs\\u00fcberlegungen war Wolfgang Rudolph als Ortsvortsteher ma\\u00dfgeblich beteiligt. Von Seiten der Stadt Kassel begleitete Carlo Frohnapfel (Stadtplanungsamt) den Umbau.<\\\/span><\\\/p>\",\"margin\":\"default\"}}]}]},{\"type\":\"row\",\"children\":[{\"type\":\"column\",\"props\":{\"image_position\":\"center-center\",\"media_overlay_gradient\":\"\",\"position_sticky_breakpoint\":\"m\"},\"children\":[{\"type\":\"text\",\"props\":{\"column_breakpoint\":\"m\",\"content\":\"\n\n<h2>Hausrat<\\\/h2>\\n\n\n<p>Der Hausrat besteht aus vier Ehrenamtlichen und den beiden Pfarrern der Evangelischen Friedenskirche. Sie managen die Hausverwaltung und treffen sich alle 14 Tage, um den Betrieb des Hauses sicherzustellen.<\\\/p>\",\"margin\":\"default\"}}]}]},{\"type\":\"row\",\"children\":[{\"type\":\"column\",\"props\":{\"image_position\":\"center-center\",\"media_overlay_gradient\":\"\",\"position_sticky_breakpoint\":\"m\"},\"children\":[{\"type\":\"text\",\"props\":{\"column_breakpoint\":\"m\",\"content\":\"\n\n<h2>Das Stadtteilzentrum in Zahlen<\\\/h2>\\n\n\n<p>1 Wohnung<\\\/p>\\n\n\n<p>3 Gruppenr\\u00e4ume und 1 Saal<\\\/p>\\n\n\n<p>50 Jahre Gemeindehaus (1958-2012) und Stadtteilzentrum (2013-2018)<\\\/p>\\n\n\n<p>450 Raumnutzen im Jahr<\\\/p>\\n\n\n<p>1.400 qm Nutzfl\\u00e4che auf vier Etagen<\\\/p>\\n\n\n<p>37.000 Euro j\\u00e4hrliche Betriebskosten<\\\/p>\\n\n\n<p>400.000 DM Baukosten im Jahr 1958<\\\/p>\\n\n\n<p>1.250.000 Euro Kosten f\\u00fcr die Sanierung 2012\\\/2013<\\\/p>\\n\n\n<h2>Vom Gemeindehaus zum Stadtteilzentrum<\\\/h2>\\n\n\n<p><strong>5. Oktober 1958<span>\\u00a0<\\\/span><\\\/strong>Der Neubau des Gemeindehauses wird der Nutzung \\u00fcbergeben<\\\/p>\\n\n\n<p><strong>2000er<span>\\u00a0<\\\/span><\\\/strong>Kirchenvorstand diskutiert Weiternutzung des zu gro\\u00dfen, renovierungsbed\\u00fcrftigen Gemeindehauses<\\\/p>\\n\n\n<p><strong>2010<span>\\u00a0<\\\/span><\\\/strong>Stadtkirchenkreis Kassel gibt Machbarkeitsstudie in Auftrag<\\\/p>\\n\n\n<p><strong>Februar 2011<\\\/strong>:\\u00a0In der Zeitschrift \\u201e<a href=\\\"http:\\\/\\\/www.ekkw.de\\\/blick-in-die-kirche\\\/download\\\/blick2_2011_Sitzungen_www.pdf\\\">Blick in die Kirche<\\\/a>\\u201e, dem Mitarbeitermagazin des Landeskirchenamts der Evangelischen Kirche von Kurhessen-Waldeck, berichtet Albrecht Weisker \\u00fcber das<span>\\u00a0<\\\/span><a class=\\\"download\\\" href=\\\"http:\\\/\\\/www.vorderer-westen.net\\\/fileadmin\\\/user_upload\\\/Termine_2011\\\/blick_2_2011_S17-18.pdf\\\" target=\\\"_blank\\\" rel=\\\"noopener\\\">Projekt<\\\/a>.<\\\/p>\\n\n\n<p><em>16 Monate Umbauphase ab Fr\\u00fchjahr 2012 (<a href=\\\"https:\\\/\\\/www.hna.de\\\/kassel\\\/buergertreff-kommt-2013-1481500.html\\\">HNA-Artikel<\\\/a>)<br \\\/><\\\/em><\\\/p>\\n\n\n<p><strong>29. September 2013<\\\/strong>: Tag der offenen T\\u00fcren mit Er\\u00f6ffnungsgottesdienst (Pr\\u00f6pstin Katrin Wienold-Hocke) und Kirchenvorstandswahlen<\\\/p>\\n\n\n<p><strong>30. September 2013<\\\/strong>: Die ersten Vermietungen konnten realisiert werden<\\\/p>\\n\n\n<p><strong>26. Oktober 2013<\\\/strong>: Im Rahmen der Er\\u00f6ffnung der \\u201eStadtteilfestwochen\\u201c zur 1100 Jahrfeier wurde das Haus um 15.00 Uhr offiziell \\u00fcbergeben (<a href=\\\"https:\\\/\\\/www.hna.de\\\/kassel\\\/treffpunkt-stadtteil-3187181.html\\\">HNA-Artikel<\\\/a>).<\\\/p>\\n\n\n<p><strong>November 2014<\\\/strong>: Die<span>\\u00a0<\\\/span><a href=\\\"https:\\\/\\\/stadtteilzentrum.info\\\/flotte-sohle-55\\\/\\\">Flotte Sohle 55+<\\\/a><span>\\u00a0<\\\/span>nutzt jetzt regelm\\u00e4\\u00dfig unsere R\\u00e4ume<\\\/p>\\n\n\n<p><strong>1. April 2016<\\\/strong>: Die Webseite stadtteilzentrum.info geht online.<\\\/p>\\n\n\n<p><strong>22. September 2018<\\\/strong>: Das Quartier feiert 5 Jahre Stadtteilzentrum<\\\/p>\",\"margin\":\"default\"}}]}]}]}],\"version\":\"3.0.26\"} --><\/p>\n","protected":false},"excerpt":{"rendered":"<p>\u00dcber uns Die zentralen B\u00fcrgerr\u00e4ume in Kassel Das Stadtteilzentrum Vorderer Westen (SVW) wird von der Evangelischen Friedenskirche Kassel getragen. Von 1959 bis 2012 nutzte die Kirchengemeinde das Geb\u00e4ude als Gemeindehaus. Die Kirchengemeinde der Friedenskirche freut sich, dass dieses Projekt vor allem mit \u00f6ffentlichen F\u00f6rdermitteln, aber auch einem gro\u00dfen Anteil an kirchlichen Mitteln finanziert werden konnte. [&hellip;]<\/p>\n","protected":false},"author":1,"featured_media":0,"parent":0,"menu_order":0,"comment_status":"closed","ping_status":"closed","template":"","meta":{"footnotes":""},"class_list":["post-106","page","type-page","status-publish","hentry"],"_links":{"self":[{"href":"https:\/\/stadtteilzentrum.info\/index.php?rest_route=\/wp\/v2\/pages\/106","targetHints":{"allow":["GET"]}}],"collection":[{"href":"https:\/\/stadtteilzentrum.info\/index.php?rest_route=\/wp\/v2\/pages"}],"about":[{"href":"https:\/\/stadtteilzentrum.info\/index.php?rest_route=\/wp\/v2\/types\/page"}],"author":[{"embeddable":true,"href":"https:\/\/stadtteilzentrum.info\/index.php?rest_route=\/wp\/v2\/users\/1"}],"replies":[{"embeddable":true,"href":"https:\/\/stadtteilzentrum.info\/index.php?rest_route=%2Fwp%2Fv2%2Fcomments&post=106"}],"version-history":[{"count":22,"href":"https:\/\/stadtteilzentrum.info\/index.php?rest_route=\/wp\/v2\/pages\/106\/revisions"}],"predecessor-version":[{"id":742,"href":"https:\/\/stadtteilzentrum.info\/index.php?rest_route=\/wp\/v2\/pages\/106\/revisions\/742"}],"wp:attachment":[{"href":"https:\/\/stadtteilzentrum.info\/index.php?rest_route=%2Fwp%2Fv2%2Fmedia&parent=106"}],"curies":[{"name":"wp","href":"https:\/\/api.w.org\/{rel}","templated":true}]}}