{"id":129,"date":"2016-04-03T19:46:25","date_gmt":"2016-04-03T17:46:25","guid":{"rendered":"http:\/\/stadtteilzentrum.info\/?page_id=129"},"modified":"2023-03-19T15:03:43","modified_gmt":"2023-03-19T14:03:43","slug":"raum-4","status":"publish","type":"page","link":"https:\/\/stadtteilzentrum.info\/?page_id=129","title":{"rendered":"Raum 4"},"content":{"rendered":"<h1>Raum 4<\/h1>\n<div>\n<p><span>(steht nur in Ausnahmef\u00e4llen f\u00fcr externe Nutzungen zur Verf\u00fcgung)<\/span><\/p>\n<ul>\n<li>Seminar-Sitzungsnutzungen max. 10 Personen<\/li>\n<li>Familienfeiern nicht m\u00f6glich<\/li>\n<\/ul>\n<\/div>\n<div>\n<h3>Das Haus<\/h3>\n<\/div>\n<p><!--more--><br \/>\n<!-- {\"type\":\"layout\",\"children\":[{\"type\":\"section\",\"props\":{\"image_position\":\"center-center\",\"style\":\"default\",\"title_breakpoint\":\"xl\",\"title_position\":\"top-left\",\"title_rotation\":\"left\",\"vertical_align\":\"middle\",\"width\":\"default\"},\"children\":[{\"type\":\"row\",\"children\":[{\"type\":\"column\",\"props\":{\"image_position\":\"center-center\",\"media_overlay_gradient\":\"\",\"position_sticky_breakpoint\":\"m\"},\"children\":[{\"type\":\"headline\",\"props\":{\"content\":\"Raum 4\",\"title_element\":\"h1\"}}]}]},{\"type\":\"row\",\"props\":{\"layout\":\"2-3,1-3\"},\"children\":[{\"type\":\"column\",\"props\":{\"image_position\":\"center-center\",\"media_overlay_gradient\":\"\",\"position_sticky_breakpoint\":\"m\",\"width_medium\":\"2-3\"},\"children\":[{\"type\":\"text\",\"props\":{\"column_breakpoint\":\"m\",\"content\":\"\n\n<p><span>(steht nur in Ausnahmef\\u00e4llen f\\u00fcr externe Nutzungen zur Verf\\u00fcgung)<\\\/span><\\\/p>\\n\n\n<ul>\\n\n\n<li>Seminar-Sitzungsnutzungen max. 10 Personen<\\\/li>\\n\n\n<li>Familienfeiern nicht m\\u00f6glich<\\\/li>\\n<\\\/ul>\",\"margin\":\"default\"}}]},{\"type\":\"column\",\"props\":{\"image_position\":\"center-center\",\"media_overlay_gradient\":\"\",\"position_sticky_breakpoint\":\"m\",\"width_medium\":\"1-3\"},\"children\":[{\"type\":\"module\",\"props\":{\"menu_image_align\":\"center\",\"menu_image_margin\":true,\"menu_style\":\"default\",\"menu_type\":\"nav\",\"type\":\"search\",\"widget\":\"search-2\"}},{\"type\":\"text\",\"props\":{\"column_breakpoint\":\"m\",\"content\":\"\n\n<h3>Das Haus<\\\/h3>\",\"margin\":\"default\"}},{\"type\":\"module\",\"props\":{\"menu_image_align\":\"center\",\"menu_image_margin\":true,\"menu_style\":\"default\",\"menu_type\":\"nav\",\"type\":\"text\",\"widget\":\"text-9\"}}]}]}],\"name\":\"Vorlage R\\u00e4ume\"}],\"version\":\"3.0.26\"} --><\/p>\n","protected":false},"excerpt":{"rendered":"<p>Raum 4 (steht nur in Ausnahmef\u00e4llen f\u00fcr externe Nutzungen zur Verf\u00fcgung) Seminar-Sitzungsnutzungen max. 10 Personen Familienfeiern nicht m\u00f6glich Das Haus<\/p>\n","protected":false},"author":1,"featured_media":0,"parent":0,"menu_order":0,"comment_status":"closed","ping_status":"closed","template":"","meta":{"footnotes":""},"class_list":["post-129","page","type-page","status-publish","hentry"],"_links":{"self":[{"href":"https:\/\/stadtteilzentrum.info\/index.php?rest_route=\/wp\/v2\/pages\/129","targetHints":{"allow":["GET"]}}],"collection":[{"href":"https:\/\/stadtteilzentrum.info\/index.php?rest_route=\/wp\/v2\/pages"}],"about":[{"href":"https:\/\/stadtteilzentrum.info\/index.php?rest_route=\/wp\/v2\/types\/page"}],"author":[{"embeddable":true,"href":"https:\/\/stadtteilzentrum.info\/index.php?rest_route=\/wp\/v2\/users\/1"}],"replies":[{"embeddable":true,"href":"https:\/\/stadtteilzentrum.info\/index.php?rest_route=%2Fwp%2Fv2%2Fcomments&post=129"}],"version-history":[{"count":4,"href":"https:\/\/stadtteilzentrum.info\/index.php?rest_route=\/wp\/v2\/pages\/129\/revisions"}],"predecessor-version":[{"id":1016,"href":"https:\/\/stadtteilzentrum.info\/index.php?rest_route=\/wp\/v2\/pages\/129\/revisions\/1016"}],"wp:attachment":[{"href":"https:\/\/stadtteilzentrum.info\/index.php?rest_route=%2Fwp%2Fv2%2Fmedia&parent=129"}],"curies":[{"name":"wp","href":"https:\/\/api.w.org\/{rel}","templated":true}]}}