{"id":142,"date":"2016-04-09T10:19:16","date_gmt":"2016-04-09T08:19:16","guid":{"rendered":"http:\/\/stadtteilzentrum.info\/?page_id=142"},"modified":"2023-06-14T13:00:19","modified_gmt":"2023-06-14T11:00:19","slug":"die-nutzer","status":"publish","type":"page","link":"https:\/\/stadtteilzentrum.info\/?page_id=142","title":{"rendered":"Die Nutzer"},"content":{"rendered":"<h1>Die Nutzer<\/h1>\n<div>\n<p>Viele Gruppen, Vereine und Initiativen aus dem Stadtteil nutzen unsere R\u00e4ume. Lernen Sie diese kennen:<\/p>\n<ul>\n<li><a href=\"https:\/\/www.friedenskirche-ks.de\/\" target=\"_blank\" rel=\"noopener\">Evangelische Friedenskirche<\/a><\/li>\n<li><a href=\"https:\/\/documentaforum.de\/\" target=\"_blank\" rel=\"noopener\">Documenta Forum (zur Webseite<\/a><span>\u00a0<\/span>\u2013<span>\u00a0<\/span><a href=\"https:\/\/stadtteilzentrum.info\/?page_id=348\">Informationen zum jour fixe im Stadtteilzentrum)<\/a><\/li>\n<li><a href=\"https:\/\/www.kasselerinstitut.de\/\" target=\"_blank\" rel=\"noopener\">Kasseler Institut<\/a><\/li>\n<li><a href=\"https:\/\/www.vorderer-westen.net\/\" target=\"_blank\" rel=\"noopener\">Kassel West e.V.<\/a><\/li>\n<li><a href=\"https:\/\/stadtteilzentrum.info\/?page_id=165\" target=\"_blank\" rel=\"noopener\">Mittwochscaf\u00e9<\/a><\/li>\n<li><a href=\"http:\/\/wwwsvc1.stadt-kassel.de\/sdnet4\/gremien\/?__=UGhVM0hpd2NXNFdFcExjZURwW3FLNh9b6jbvdqqqrbU\" target=\"_blank\" rel=\"noopener\">Ortsbeirat Vorderer Westen<\/a><\/li>\n<li><a href=\"https:\/\/www.baerbeljung.de\/\" target=\"_blank\" rel=\"noopener\">Praxis B\u00e4rbel Jung<\/a><\/li>\n<li><a href=\"https:\/\/familylab.de\" target=\"_blank\" rel=\"noopener\">family-lab Familien-Forum Kassel<\/a><\/li>\n<\/ul>\n<p>Sie m\u00f6chten auch aufgef\u00fchrt werden?<span>\u00a0<\/span><a href=\"https:\/\/martin-forciniti.net\/stadtteilzentrum\/?page_id=74\">Dann schreiben Sie uns bitte an<\/a>.<\/p>\n<\/div>\n<p><img decoding=\"async\" src=\"\/wp-content\/uploads\/2018\/03\/dfjourfixe.jpg\" alt=\"\"><br \/>\n<img decoding=\"async\" src=\"\/wp-content\/uploads\/2019\/10\/FRIEDENSKIRCHE_Logo_Final_zu_zu.png\" alt=\"\"><br \/>\n<img decoding=\"async\" src=\"\/wp-content\/uploads\/2021\/06\/Kasseler-Institut.jpg\" alt=\"\"><br \/>\n<img decoding=\"async\" src=\"\/wp-content\/uploads\/2016\/04\/KasselWestEV.png\" alt=\"\"><br \/>\n<img decoding=\"async\" src=\"\/wp-content\/uploads\/2016\/04\/Mittwochscafeweb.jpg\" alt=\"\"><br \/>\n<img decoding=\"async\" src=\"\/wp-content\/uploads\/2019\/10\/B%C3%A4rbelJung.jpg\" alt=\"\"><\/p>\n<div>\n<h3>Neuste Beitr\u00e4ge<\/h3>\n<\/div>\n<div>\n<h3>Links<\/h3>\n<\/div>\n<p><!--more--><br \/>\n<!-- {\"type\":\"layout\",\"children\":[{\"type\":\"section\",\"props\":{\"image_position\":\"center-center\",\"style\":\"default\",\"title_breakpoint\":\"xl\",\"title_position\":\"top-left\",\"title_rotation\":\"left\",\"vertical_align\":\"middle\",\"width\":\"default\"},\"children\":[{\"type\":\"row\",\"children\":[{\"type\":\"column\",\"props\":{\"image_position\":\"center-center\",\"position_sticky_breakpoint\":\"m\"},\"children\":[{\"type\":\"headline\",\"props\":{\"content\":\"Die Nutzer\",\"title_element\":\"h1\"}}]}]},{\"type\":\"row\",\"props\":{\"layout\":\"2-3,1-3\"},\"children\":[{\"type\":\"column\",\"props\":{\"image_position\":\"center-center\",\"position_sticky_breakpoint\":\"m\",\"width_medium\":\"2-3\"},\"children\":[{\"type\":\"text\",\"props\":{\"column_breakpoint\":\"m\",\"content\":\"\n\n<p>Viele Gruppen, Vereine und Initiativen aus dem Stadtteil nutzen unsere R\\u00e4ume. Lernen Sie diese kennen:<\\\/p>\\n\n\n<ul>\\n\n\n<li><a href=\\\"https:\\\/\\\/www.friedenskirche-ks.de\\\/\\\" target=\\\"_blank\\\" rel=\\\"noopener\\\">Evangelische Friedenskirche<\\\/a><\\\/li>\\n\n\n<li><a href=\\\"https:\\\/\\\/documentaforum.de\\\/\\\" target=\\\"_blank\\\" rel=\\\"noopener\\\">Documenta Forum (zur Webseite<\\\/a><span>\\u00a0<\\\/span>\\u2013<span>\\u00a0<\\\/span><a href=\\\"https:\\\/\\\/stadtteilzentrum.info\\\/?page_id=348\\\">Informationen zum jour fixe im Stadtteilzentrum)<\\\/a><\\\/li>\\n\n\n<li><a href=\\\"https:\\\/\\\/www.kasselerinstitut.de\\\/\\\" target=\\\"_blank\\\" rel=\\\"noopener\\\">Kasseler Institut<\\\/a><\\\/li>\\n\n\n<li><a href=\\\"https:\\\/\\\/www.vorderer-westen.net\\\/\\\" target=\\\"_blank\\\" rel=\\\"noopener\\\">Kassel West e.V.<\\\/a><\\\/li>\\n\n\n<li><a href=\\\"https:\\\/\\\/stadtteilzentrum.info\\\/?page_id=165\\\" target=\\\"_blank\\\" rel=\\\"noopener\\\">Mittwochscaf\\u00e9<\\\/a><\\\/li>\\n\n\n<li><a href=\\\"http:\\\/\\\/wwwsvc1.stadt-kassel.de\\\/sdnet4\\\/gremien\\\/?__=UGhVM0hpd2NXNFdFcExjZURwW3FLNh9b6jbvdqqqrbU\\\" target=\\\"_blank\\\" rel=\\\"noopener\\\">Ortsbeirat Vorderer Westen<\\\/a><\\\/li>\\n\n\n<li><a href=\\\"https:\\\/\\\/www.baerbeljung.de\\\/\\\" target=\\\"_blank\\\" rel=\\\"noopener\\\">Praxis B\\u00e4rbel Jung<\\\/a><\\\/li>\\n\n\n<li><a href=\\\"https:\\\/\\\/familylab.de\\\" target=\\\"_blank\\\" rel=\\\"noopener\\\">family-lab Familien-Forum Kassel<\\\/a><\\\/li>\\n<\\\/ul>\\n\n\n<p>Sie m\\u00f6chten auch aufgef\\u00fchrt werden?<span>\\u00a0<\\\/span><a href=\\\"https:\\\/\\\/martin-forciniti.net\\\/stadtteilzentrum\\\/?page_id=74\\\">Dann schreiben Sie uns bitte an<\\\/a>.<\\\/p>\",\"margin\":\"default\"}},{\"type\":\"image\",\"props\":{\"image\":\"wp-content\\\/uploads\\\/2018\\\/03\\\/dfjourfixe.jpg\",\"image_svg_color\":\"emphasis\",\"margin\":\"default\",\"text_align\":\"center\"}},{\"type\":\"image\",\"props\":{\"image\":\"wp-content\\\/uploads\\\/2019\\\/10\\\/FRIEDENSKIRCHE_Logo_Final_zu_zu.png\",\"image_height\":\"300\",\"image_svg_color\":\"emphasis\",\"margin\":\"default\",\"text_align\":\"center\"}},{\"type\":\"image\",\"props\":{\"image\":\"wp-content\\\/uploads\\\/2021\\\/06\\\/Kasseler-Institut.jpg\",\"image_svg_color\":\"emphasis\",\"margin\":\"default\",\"text_align\":\"center\"}},{\"type\":\"image\",\"props\":{\"image\":\"wp-content\\\/uploads\\\/2016\\\/04\\\/KasselWestEV.png\",\"image_height\":\"240\",\"image_svg_color\":\"emphasis\",\"margin\":\"default\",\"text_align\":\"center\"}},{\"type\":\"image\",\"props\":{\"image\":\"wp-content\\\/uploads\\\/2016\\\/04\\\/Mittwochscafeweb.jpg\",\"image_height\":\"240\",\"image_svg_color\":\"emphasis\",\"margin\":\"default\",\"text_align\":\"center\"}},{\"type\":\"image\",\"props\":{\"image\":\"wp-content\\\/uploads\\\/2019\\\/10\\\/B\\u00e4rbelJung.jpg\",\"image_svg_color\":\"emphasis\",\"image_width\":\"400\",\"margin\":\"default\",\"text_align\":\"center\"}}]},{\"type\":\"column\",\"props\":{\"image_position\":\"center-center\",\"position_sticky_breakpoint\":\"m\",\"width_medium\":\"1-3\"},\"children\":[{\"type\":\"module\",\"props\":{\"menu_image_align\":\"center\",\"menu_image_margin\":true,\"menu_style\":\"default\",\"menu_type\":\"nav\",\"type\":\"search\",\"widget\":\"search-2\"}},{\"type\":\"text\",\"props\":{\"column_breakpoint\":\"m\",\"content\":\"\n\n<h3>Neuste Beitr\\u00e4ge<\\\/h3>\",\"margin\":\"default\"},\"name\":\"\\u00dcberschrift Neuste Beitr\\u00e4ge\"},{\"type\":\"module\",\"props\":{\"menu_image_align\":\"center\",\"menu_image_margin\":true,\"menu_style\":\"default\",\"menu_type\":\"nav\",\"type\":\"recent-posts\",\"widget\":\"recent-posts-2\"}},{\"type\":\"text\",\"props\":{\"column_breakpoint\":\"m\",\"content\":\"\n\n<h3>Links<\\\/h3>\",\"margin\":\"default\"},\"name\":\"Links\"},{\"type\":\"module\",\"props\":{\"menu_image_align\":\"center\",\"menu_image_margin\":true,\"menu_style\":\"default\",\"menu_type\":\"nav\",\"type\":\"text\",\"widget\":\"text-11\"}}]}]}]}],\"version\":\"4.0.6\"} --><\/p>\n","protected":false},"excerpt":{"rendered":"<p>Die Nutzer Viele Gruppen, Vereine und Initiativen aus dem Stadtteil nutzen unsere R\u00e4ume. Lernen Sie diese kennen: Evangelische Friedenskirche Documenta Forum (zur Webseite\u00a0\u2013\u00a0Informationen zum jour fixe im Stadtteilzentrum) Kasseler Institut Kassel West e.V. Mittwochscaf\u00e9 Ortsbeirat Vorderer Westen Praxis B\u00e4rbel Jung family-lab Familien-Forum Kassel Sie m\u00f6chten auch aufgef\u00fchrt werden?\u00a0Dann schreiben Sie uns bitte an. Neuste Beitr\u00e4ge [&hellip;]<\/p>\n","protected":false},"author":1,"featured_media":0,"parent":0,"menu_order":0,"comment_status":"closed","ping_status":"closed","template":"","meta":{"footnotes":""},"class_list":["post-142","page","type-page","status-publish","hentry"],"_links":{"self":[{"href":"https:\/\/stadtteilzentrum.info\/index.php?rest_route=\/wp\/v2\/pages\/142","targetHints":{"allow":["GET"]}}],"collection":[{"href":"https:\/\/stadtteilzentrum.info\/index.php?rest_route=\/wp\/v2\/pages"}],"about":[{"href":"https:\/\/stadtteilzentrum.info\/index.php?rest_route=\/wp\/v2\/types\/page"}],"author":[{"embeddable":true,"href":"https:\/\/stadtteilzentrum.info\/index.php?rest_route=\/wp\/v2\/users\/1"}],"replies":[{"embeddable":true,"href":"https:\/\/stadtteilzentrum.info\/index.php?rest_route=%2Fwp%2Fv2%2Fcomments&post=142"}],"version-history":[{"count":57,"href":"https:\/\/stadtteilzentrum.info\/index.php?rest_route=\/wp\/v2\/pages\/142\/revisions"}],"predecessor-version":[{"id":1167,"href":"https:\/\/stadtteilzentrum.info\/index.php?rest_route=\/wp\/v2\/pages\/142\/revisions\/1167"}],"wp:attachment":[{"href":"https:\/\/stadtteilzentrum.info\/index.php?rest_route=%2Fwp%2Fv2%2Fmedia&parent=142"}],"curies":[{"name":"wp","href":"https:\/\/api.w.org\/{rel}","templated":true}]}}