{"id":17,"date":"2016-04-01T22:50:07","date_gmt":"2016-04-01T20:50:07","guid":{"rendered":"http:\/\/stadtteilzentrum.info\/?page_id=17"},"modified":"2023-03-19T15:06:20","modified_gmt":"2023-03-19T14:06:20","slug":"saal","status":"publish","type":"page","link":"https:\/\/stadtteilzentrum.info\/?page_id=17","title":{"rendered":"Saal"},"content":{"rendered":"<h1>Saal<\/h1>\n<ul>\n<li>\n<p>        <img decoding=\"async\" src=\"\/stadtteilzentrum\/wp-content\/uploads\/2016\/04\/P1070252.jpg\" alt=\"\"><\/p>\n<\/li>\n<li>\n<p>        <img decoding=\"async\" src=\"\/stadtteilzentrum\/wp-content\/uploads\/2016\/04\/SVW_b.jpg\" alt=\"\"><\/p>\n<\/li>\n<li>\n<p>        <img decoding=\"async\" src=\"\/stadtteilzentrum\/wp-content\/uploads\/2016\/04\/SVW_g.jpg\" alt=\"\"><\/p>\n<\/li>\n<li>\n<p>        <img decoding=\"async\" src=\"\/stadtteilzentrum\/wp-content\/uploads\/2016\/04\/SVW_c.jpg\" alt=\"\"><\/p>\n<\/li>\n<\/ul>\n<div>\n<p><span>Der Saal ist 160 m\u00b2 gro\u00df und kann durch mobile Trennw\u00e4nde in drei Teile geteilt werden. Die Raumteile A, B und C verf\u00fcgen jeweils \u00fcber eigene T\u00fcren und sind 63, 26 und 73 m\u00b2 gro\u00df. Der Saal liegt im Erdgeschoss, auf der gleichen Ebene befindet sich die gro\u00dfe K\u00fcche. Mit bis zu 150 Sitzpl\u00e4tzen ist er f\u00fcr Podiumsdiskussionen, Betriebsversammlungen oder Vorf\u00fchrungen bestens geeignet.<\/span><\/p>\n<\/div>\n<div>\n<h3>Das Haus<\/h3>\n<\/div>\n<p><!--more--><br \/>\n<!-- {\"type\":\"layout\",\"children\":[{\"type\":\"section\",\"props\":{\"image_position\":\"center-center\",\"style\":\"default\",\"title_breakpoint\":\"xl\",\"title_position\":\"top-left\",\"title_rotation\":\"left\",\"vertical_align\":\"middle\",\"width\":\"default\"},\"children\":[{\"type\":\"row\",\"children\":[{\"type\":\"column\",\"props\":{\"image_position\":\"center-center\",\"media_overlay_gradient\":\"\",\"position_sticky_breakpoint\":\"m\"},\"children\":[{\"type\":\"headline\",\"props\":{\"content\":\"Saal\",\"title_element\":\"h1\"}}]}]},{\"type\":\"row\",\"props\":{\"layout\":\"2-3,1-3\"},\"children\":[{\"type\":\"column\",\"props\":{\"image_position\":\"center-center\",\"media_overlay_gradient\":\"\",\"position_sticky_breakpoint\":\"m\",\"width_medium\":\"2-3\"},\"children\":[{\"type\":\"gallery\",\"props\":{\"filter_align\":\"left\",\"filter_all\":true,\"filter_grid_breakpoint\":\"m\",\"filter_grid_width\":\"auto\",\"filter_position\":\"top\",\"filter_style\":\"tab\",\"grid_default\":\"1\",\"grid_large\":\"4\",\"grid_medium\":\"3\",\"item_animation\":true,\"link_style\":\"default\",\"link_text\":\"Read more\",\"margin\":\"default\",\"meta_align\":\"below-title\",\"meta_element\":\"div\",\"meta_style\":\"text-meta\",\"overlay_hover\":true,\"overlay_mode\":\"caption\",\"overlay_position\":\"center\",\"overlay_style\":\"tile-secondary\",\"overlay_transition\":\"fade\",\"show_content\":true,\"show_hover_image\":true,\"show_link\":true,\"show_meta\":true,\"show_title\":true,\"text_align\":\"center\",\"text_color\":\"light\",\"title_element\":\"h3\",\"title_hover_style\":\"reset\"},\"children\":[{\"type\":\"gallery_item\",\"props\":{\"content\":\"\",\"image\":\"wp-content\\\/uploads\\\/2016\\\/04\\\/P1070252.jpg\",\"tags\":\"\",\"title\":\"\"}},{\"type\":\"gallery_item\",\"props\":{\"content\":\"\",\"image\":\"wp-content\\\/uploads\\\/2016\\\/04\\\/SVW_b.jpg\"}},{\"type\":\"gallery_item\",\"props\":{\"image\":\"wp-content\\\/uploads\\\/2016\\\/04\\\/SVW_g.jpg\",\"title\":\"\"}},{\"type\":\"gallery_item\",\"props\":{\"content\":\"\",\"image\":\"wp-content\\\/uploads\\\/2016\\\/04\\\/SVW_c.jpg\"}}],\"name\":\"Gallerie Saal\"},{\"type\":\"text\",\"props\":{\"column_breakpoint\":\"m\",\"content\":\"\n\n<p><span>Der Saal ist 160 m\\u00b2 gro\\u00df und kann durch mobile Trennw\\u00e4nde in drei Teile geteilt werden. Die Raumteile A, B und C verf\\u00fcgen jeweils \\u00fcber eigene T\\u00fcren und sind 63, 26 und 73 m\\u00b2 gro\\u00df. Der Saal liegt im Erdgeschoss, auf der gleichen Ebene befindet sich die gro\\u00dfe K\\u00fcche. Mit bis zu 150 Sitzpl\\u00e4tzen ist er f\\u00fcr Podiumsdiskussionen, Betriebsversammlungen oder Vorf\\u00fchrungen bestens geeignet.<\\\/span><\\\/p>\",\"margin\":\"default\"},\"name\":\"Text Saal\"}]},{\"type\":\"column\",\"props\":{\"image_position\":\"center-center\",\"media_overlay_gradient\":\"\",\"position_sticky_breakpoint\":\"m\",\"width_medium\":\"1-3\"},\"children\":[{\"type\":\"module\",\"props\":{\"menu_image_align\":\"center\",\"menu_image_margin\":true,\"menu_style\":\"default\",\"menu_type\":\"nav\",\"type\":\"search\",\"widget\":\"search-2\"}},{\"type\":\"text\",\"props\":{\"column_breakpoint\":\"m\",\"content\":\"\n\n<h3>Das Haus<\\\/h3>\",\"margin\":\"default\"}},{\"type\":\"module\",\"props\":{\"menu_image_align\":\"center\",\"menu_image_margin\":true,\"menu_style\":\"default\",\"menu_type\":\"nav\",\"type\":\"text\",\"widget\":\"text-9\"}}]}]}],\"name\":\"Vorlage R\\u00e4ume\"}],\"version\":\"3.0.26\"} --><\/p>\n","protected":false},"excerpt":{"rendered":"<p>Saal Der Saal ist 160 m\u00b2 gro\u00df und kann durch mobile Trennw\u00e4nde in drei Teile geteilt werden. Die Raumteile A, B und C verf\u00fcgen jeweils \u00fcber eigene T\u00fcren und sind 63, 26 und 73 m\u00b2 gro\u00df. Der Saal liegt im Erdgeschoss, auf der gleichen Ebene befindet sich die gro\u00dfe K\u00fcche. Mit bis zu 150 Sitzpl\u00e4tzen [&hellip;]<\/p>\n","protected":false},"author":1,"featured_media":0,"parent":0,"menu_order":0,"comment_status":"closed","ping_status":"closed","template":"","meta":{"footnotes":""},"class_list":["post-17","page","type-page","status-publish","hentry"],"_links":{"self":[{"href":"https:\/\/stadtteilzentrum.info\/index.php?rest_route=\/wp\/v2\/pages\/17","targetHints":{"allow":["GET"]}}],"collection":[{"href":"https:\/\/stadtteilzentrum.info\/index.php?rest_route=\/wp\/v2\/pages"}],"about":[{"href":"https:\/\/stadtteilzentrum.info\/index.php?rest_route=\/wp\/v2\/types\/page"}],"author":[{"embeddable":true,"href":"https:\/\/stadtteilzentrum.info\/index.php?rest_route=\/wp\/v2\/users\/1"}],"replies":[{"embeddable":true,"href":"https:\/\/stadtteilzentrum.info\/index.php?rest_route=%2Fwp%2Fv2%2Fcomments&post=17"}],"version-history":[{"count":8,"href":"https:\/\/stadtteilzentrum.info\/index.php?rest_route=\/wp\/v2\/pages\/17\/revisions"}],"predecessor-version":[{"id":1021,"href":"https:\/\/stadtteilzentrum.info\/index.php?rest_route=\/wp\/v2\/pages\/17\/revisions\/1021"}],"wp:attachment":[{"href":"https:\/\/stadtteilzentrum.info\/index.php?rest_route=%2Fwp%2Fv2%2Fmedia&parent=17"}],"curies":[{"name":"wp","href":"https:\/\/api.w.org\/{rel}","templated":true}]}}