{"id":348,"date":"2018-03-14T17:43:51","date_gmt":"2018-03-14T16:43:51","guid":{"rendered":"http:\/\/stadtteilzentrum.info\/?page_id=348"},"modified":"2023-06-14T13:00:44","modified_gmt":"2023-06-14T11:00:44","slug":"documenta-forum","status":"publish","type":"page","link":"https:\/\/stadtteilzentrum.info\/?page_id=348","title":{"rendered":"Documenta Forum"},"content":{"rendered":"<h1>Documenta Forum<\/h1>\n<div>\n<p>Das documenta forum wurde 1972 von Arnold Bode als<img loading=\"lazy\" decoding=\"async\" src=\"https:\/\/stadtteilzentrum.info\/wp-content\/uploads\/2018\/03\/dfjourfixe-300x225.jpg\" alt=\"\" width=\"300\" height=\"225\" class=\"wp-image-342 size-medium alignright\" \/> Freundeskreis der documenta gegr\u00fcndet. Das documenta forum verpflichtet sich Bodes Ausstellungsidee zu wahren und zu deren Weiterentwicklung beizutragen. Dazu haben wir die Sicherstellung der Rahmenbedingungen der documenta als der wichtigsten internationalen und unabh\u00e4ngigen Kunstausstellung im Blick. Mit kulturpolitischen Stellungnahmen, Gespr\u00e4chen und Veranstaltungen unterst\u00fctzen wir die aktuellen Diskussionen um Kunst und Kultur.<\/p>\n<p>Unser<span>\u00a0<\/span><strong>Jour fixe<\/strong><span>\u00a0<\/span>findet immer am zweiten Montag eines Monats statt. Uhrzeit und Ort: jeweils 19.30 Uhr im Stadtteilzentrum West in der Elfbuchenbuchenstra\u00dfe 3. Unsere voraussichtlichen Jour fixe-Termine f\u00fcr das Jahr 2018:<\/p>\n<p>Vor den Sommerferien der zweite Dienstag des Monats: 13.3. \/ 10.4. \/ 8.5. \/ 12.6.<\/p>\n<p>nach den Sommerferien wieder jeweils der Montag des Monats: 13.8. \/ 10.9. \/ 15.10. \/ 12.11. \/ 10.12.<\/p>\n<\/div>\n<div>\n<h3>Neuste Beitr\u00e4ge<\/h3>\n<\/div>\n<div>\n<h3>Links<\/h3>\n<\/div>\n<p><!--more--><br \/>\n<!-- {\"type\":\"layout\",\"children\":[{\"type\":\"section\",\"props\":{\"image_position\":\"center-center\",\"style\":\"default\",\"title_breakpoint\":\"xl\",\"title_position\":\"top-left\",\"title_rotation\":\"left\",\"vertical_align\":\"middle\",\"width\":\"default\"},\"children\":[{\"type\":\"row\",\"children\":[{\"type\":\"column\",\"props\":{\"image_position\":\"center-center\",\"position_sticky_breakpoint\":\"m\"},\"children\":[{\"type\":\"headline\",\"props\":{\"content\":\"Documenta Forum\",\"title_element\":\"h1\"}}]}]},{\"type\":\"row\",\"props\":{\"layout\":\"2-3,1-3\"},\"children\":[{\"type\":\"column\",\"props\":{\"image_position\":\"center-center\",\"position_sticky_breakpoint\":\"m\",\"width_medium\":\"2-3\"},\"children\":[{\"type\":\"text\",\"props\":{\"column_breakpoint\":\"m\",\"content\":\"\n\n<p>Das documenta forum wurde 1972 von Arnold Bode als<img src=\\\"https:\\\/\\\/stadtteilzentrum.info\\\/wp-content\\\/uploads\\\/2018\\\/03\\\/dfjourfixe-300x225.jpg\\\" alt=\\\"\\\" width=\\\"300\\\" height=\\\"225\\\" class=\\\"wp-image-342 size-medium alignright\\\" \\\/> Freundeskreis der documenta gegr\\u00fcndet. Das documenta forum verpflichtet sich Bodes Ausstellungsidee zu wahren und zu deren Weiterentwicklung beizutragen. Dazu haben wir die Sicherstellung der Rahmenbedingungen der documenta als der wichtigsten internationalen und unabh\\u00e4ngigen Kunstausstellung im Blick. Mit kulturpolitischen Stellungnahmen, Gespr\\u00e4chen und Veranstaltungen unterst\\u00fctzen wir die aktuellen Diskussionen um Kunst und Kultur.<\\\/p>\\n\n\n<p>Unser<span>\\u00a0<\\\/span><strong>Jour fixe<\\\/strong><span>\\u00a0<\\\/span>findet immer am zweiten Montag eines Monats statt. Uhrzeit und Ort: jeweils 19.30 Uhr im Stadtteilzentrum West in der Elfbuchenbuchenstra\\u00dfe 3. Unsere voraussichtlichen Jour fixe-Termine f\\u00fcr das Jahr 2018:<\\\/p>\\n\n\n<p>Vor den Sommerferien der zweite Dienstag des Monats: 13.3. \\\/ 10.4. \\\/ 8.5. \\\/ 12.6.<\\\/p>\\n\n\n<p>nach den Sommerferien wieder jeweils der Montag des Monats: 13.8. \\\/ 10.9. \\\/ 15.10. \\\/ 12.11. \\\/ 10.12.<\\\/p>\",\"margin\":\"default\"}}]},{\"type\":\"column\",\"props\":{\"image_position\":\"center-center\",\"position_sticky_breakpoint\":\"m\",\"width_medium\":\"1-3\"},\"children\":[{\"type\":\"module\",\"props\":{\"menu_image_align\":\"center\",\"menu_image_margin\":true,\"menu_style\":\"default\",\"menu_type\":\"nav\",\"type\":\"search\",\"widget\":\"search-2\"}},{\"type\":\"text\",\"props\":{\"column_breakpoint\":\"m\",\"content\":\"\n\n<h3>Neuste Beitr\\u00e4ge<\\\/h3>\",\"margin\":\"default\"},\"name\":\"\\u00dcberschrift Neuste Beitr\\u00e4ge\"},{\"type\":\"module\",\"props\":{\"menu_image_align\":\"center\",\"menu_image_margin\":true,\"menu_style\":\"default\",\"menu_type\":\"nav\",\"type\":\"recent-posts\",\"widget\":\"recent-posts-2\"}},{\"type\":\"text\",\"props\":{\"column_breakpoint\":\"m\",\"content\":\"\n\n<h3>Links<\\\/h3>\",\"margin\":\"default\"},\"name\":\"Links\"},{\"type\":\"module\",\"props\":{\"menu_image_align\":\"center\",\"menu_image_margin\":true,\"menu_style\":\"default\",\"menu_type\":\"nav\",\"type\":\"text\",\"widget\":\"text-11\"}}]}]}],\"name\":\"Vorlage R\\u00e4ume\"}],\"version\":\"4.0.6\"} --><\/p>\n","protected":false},"excerpt":{"rendered":"<p>Documenta Forum Das documenta forum wurde 1972 von Arnold Bode als Freundeskreis der documenta gegr\u00fcndet. Das documenta forum verpflichtet sich Bodes Ausstellungsidee zu wahren und zu deren Weiterentwicklung beizutragen. Dazu haben wir die Sicherstellung der Rahmenbedingungen der documenta als der wichtigsten internationalen und unabh\u00e4ngigen Kunstausstellung im Blick. Mit kulturpolitischen Stellungnahmen, Gespr\u00e4chen und Veranstaltungen unterst\u00fctzen wir [&hellip;]<\/p>\n","protected":false},"author":1,"featured_media":0,"parent":0,"menu_order":0,"comment_status":"closed","ping_status":"closed","template":"","meta":{"footnotes":""},"class_list":["post-348","page","type-page","status-publish","hentry"],"_links":{"self":[{"href":"https:\/\/stadtteilzentrum.info\/index.php?rest_route=\/wp\/v2\/pages\/348","targetHints":{"allow":["GET"]}}],"collection":[{"href":"https:\/\/stadtteilzentrum.info\/index.php?rest_route=\/wp\/v2\/pages"}],"about":[{"href":"https:\/\/stadtteilzentrum.info\/index.php?rest_route=\/wp\/v2\/types\/page"}],"author":[{"embeddable":true,"href":"https:\/\/stadtteilzentrum.info\/index.php?rest_route=\/wp\/v2\/users\/1"}],"replies":[{"embeddable":true,"href":"https:\/\/stadtteilzentrum.info\/index.php?rest_route=%2Fwp%2Fv2%2Fcomments&post=348"}],"version-history":[{"count":9,"href":"https:\/\/stadtteilzentrum.info\/index.php?rest_route=\/wp\/v2\/pages\/348\/revisions"}],"predecessor-version":[{"id":1168,"href":"https:\/\/stadtteilzentrum.info\/index.php?rest_route=\/wp\/v2\/pages\/348\/revisions\/1168"}],"wp:attachment":[{"href":"https:\/\/stadtteilzentrum.info\/index.php?rest_route=%2Fwp%2Fv2%2Fmedia&parent=348"}],"curies":[{"name":"wp","href":"https:\/\/api.w.org\/{rel}","templated":true}]}}