{"id":51,"date":"2016-04-02T10:34:02","date_gmt":"2016-04-02T08:34:02","guid":{"rendered":"http:\/\/stadtteilzentrum.info\/?page_id=51"},"modified":"2025-12-23T22:33:01","modified_gmt":"2025-12-23T21:33:01","slug":"startsteite","status":"publish","type":"page","link":"https:\/\/stadtteilzentrum.info\/","title":{"rendered":"Startseite"},"content":{"rendered":"<ul>\n<li>\n<p>        <img decoding=\"async\" src=\"\/wp-content\/uploads\/2019\/08\/SVW_Blumen_5_zu.jpg\" alt=\"\"><\/p>\n<h3>Stadtteilzentrum<\/h3>\n<\/li>\n<li>\n<p>        <img decoding=\"async\" src=\"\/wp-content\/uploads\/2017\/10\/CM-1547-103-1.jpg\" alt=\"\"><\/p>\n<h3>Stadtteilzentrum<\/h3>\n<\/li>\n<\/ul>\n<div>\n<p>    <script src=\"https:\/\/cdn.userway.org\/widget.js\" data-account=\"3w1pKCziuN\"><\/script>\n<\/div>\n<p><p>\n        <a href=\"\/index.php?page_id=106\">\u00dcber uns<\/a>\n    <\/p>\n<\/p>\n<p><p>\n        <a href=\"\/index.php?page_id=74\">Kontakt<\/a>\n    <\/p>\n<\/p>\n<p><p>\n        <a href=\"\/index.php?page_id=695\">Mieten<\/a>\n    <\/p>\n<\/p>\n<p><p>\n        <a href=\"\/index.php?page_id=112\">Kennenlernen<\/a>\n    <\/p>\n<\/p>\n<p><a href=\"\/index.php?page_id=695\"><img decoding=\"async\" src=\"\/wp-content\/uploads\/2023\/03\/Schluessel.png\" alt=\"\"><\/a><\/p>\n<div>\n<h2><a href=\"https:\/\/stadtteilzentrum.info\/?page_id=695\">Vermietung &amp; Preise<\/a><\/h2>\n<\/div>\n<div>\n<p><a href=\"https:\/\/stadtteilzentrum.info\/?page_id=695\">Unsere R\u00e4ume sind 24 bis 160 Quadratmeter gro\u00df und barrierefrei zu erreichen.<\/a><\/p>\n<\/div>\n<p><a href=\"https:\/\/stadtteilzentrum.info\/wp-content\/uploads\/2018\/09\/DasHauskennenlernen_A4.pdf\"><img decoding=\"async\" src=\"\/wp-content\/uploads\/2023\/03\/Buch.png\" alt=\"\"><\/a><\/p>\n<div>\n<h2><a href=\"https:\/\/stadtteilzentrum.info\/wp-content\/uploads\/2018\/09\/DasHauskennenlernen_A4.pdf\" target=\"_blank\" rel=\"noopener\">Info-Flyer<\/a><\/h2>\n<\/div>\n<div>\n<p><a href=\"https:\/\/stadtteilzentrum.info\/wp-content\/uploads\/2018\/09\/DasHauskennenlernen_A4.pdf\" data-wplink-url-error=\"true\" target=\"_blank\" rel=\"noopener\">Alle Informationen f\u00fcr Sie auf einen Blick zum Herunterladen.<\/a><\/p>\n<\/div>\n<p><a href=\"\/index.php?page_id=142\"><img decoding=\"async\" src=\"\/wp-content\/uploads\/2023\/03\/Personen.png\" alt=\"\"><\/a><\/p>\n<div>\n<h2><a href=\"https:\/\/stadtteilzentrum.info\/?page_id=142\" rel=\"noopener\">Die Nutzer<\/a><\/h2>\n<\/div>\n<div>\n<p><a href=\"https:\/\/stadtteilzentrum.info\/?page_id=142\" rel=\"noopener\">Erfahren Sie mehr \u00fcber die regelm\u00e4\u00dfigen Nutzer des Stadtteilzentrums.<\/a><\/p>\n<\/div>\n<p><img decoding=\"async\" src=\"\/wp-content\/uploads\/2016\/04\/Stadtteilz_2.jpg\" alt=\"\"><\/p>\n<div>\n<h1>Das Stadtteilzentrum Vorderer Westen \u2013 die zentralen B\u00fcrgerr\u00e4ume in Kassel<\/h1>\n<p>Sie suchen R\u00e4ume f\u00fcr Ihre Veranstaltung im Kasseler Westen? Wir haben Ihren Wunschraum. Unsere R\u00e4ume sind zwischen 24 und 160 Quadratmeter gro\u00df und barrierefrei erreichbar. Auf stadtteilzentrum.info k\u00f6nnen Sie<span>\u00a0<\/span><a href=\"https:\/\/stadtteilzentrum.info\/?page_id=112\">das Haus kennenlernen<\/a>,<span>\u00a0<\/span><a href=\"https:\/\/stadtteilzentrum.info\/?page_id=695\">Buchungsanfragen stellen<\/a><span>\u00a0<\/span>und sich \u00fcber<span>\u00a0<\/span><a href=\"https:\/\/stadtteilzentrum.info\/?page_id=142\">die Nutzer<\/a><span>\u00a0<\/span>und ihre Veranstaltungen im Stadtteilzentrum Vorderer Westen informieren.<\/p>\n<ul>\n<li>Die zur Vermietung stehenden R\u00e4ume haben folgende Gr\u00f6\u00dfen:<\/li>\n<li style=\"list-style-type: none;\">\n<ul>\n<li><strong>Saal<\/strong><span>\u00a0<\/span>150 m\u00b2<\/li>\n<li><strong>Raum 1<\/strong><span>\u00a0<\/span>35 m\u00b2<\/li>\n<li><strong>Raum 2<\/strong><span>\u00a0<\/span>24 m\u00b2<\/li>\n<li><strong>Raum 3<\/strong><span>\u00a0<\/span>35 m\u00b2<\/li>\n<li><strong>Raum 4<\/strong><span>\u00a0<\/span>(steht nur in Ausnahmef\u00e4llen f\u00fcr externe Nutzungen zur Verf\u00fcgung) ca. 50 m\u00b2<\/li>\n<\/ul>\n<\/li>\n<\/ul>\n<ul>\n<li>Werden folgende Mindestraumgr\u00f6\u00dfen pro Teilnehmer vorausgesetzt\n<ul>\n<li>Seminarveranstaltungen 5 m\u00b2 pro Person<\/li>\n<li>Familienfeier 10 m\u00b2 pro Person<br \/>ergeben sich aus den genannte Raumgr\u00f6\u00dfen folgende max. Personenzahl pro Nutzung:<\/li>\n<\/ul>\n<\/li>\n<\/ul>\n<ul>\n<li><strong>Saal:<\/strong>\n<ul>\n<li>Seminar-Sitzungsnutzungen max. 30 Personen<\/li>\n<li>Familienfeiern max. 15 Personen<\/li>\n<\/ul>\n<\/li>\n<li><strong>Raum 1:<\/strong>\n<ul>\n<li>Seminar-Sitzungsnutzungen max. 7 Personen<\/li>\n<li>Familienfeiern nicht m\u00f6glich<\/li>\n<\/ul>\n<\/li>\n<li><strong>Raum 2:<\/strong>\n<ul>\n<li>Seminar-Sitzungsnutzungen max. 4 Personen<\/li>\n<li>Familienfeiern nicht m\u00f6glich<\/li>\n<\/ul>\n<\/li>\n<li><strong>Raum 3:<\/strong>\n<ul>\n<li>Seminar-Sitzungsnutzungen max. 7 Personen<\/li>\n<li>Familienfeiern nicht m\u00f6glich<\/li>\n<\/ul>\n<\/li>\n<li><strong>Raum 4:<\/strong><span>\u00a0<\/span>(steht nur in Ausnahmef\u00e4llen f\u00fcr externe Nutzungen zur Verf\u00fcgung)\n<ul>\n<li>Seminar-Sitzungsnutzungen max. 10 Personen<\/li>\n<li>Familienfeiern nicht m\u00f6glich<\/li>\n<\/ul>\n<\/li>\n<\/ul>\n<\/div>\n<div>\n<h3>Neuste Beitr\u00e4ge<\/h3>\n<\/div>\n<p><!--more--><br \/>\n<!-- {\"type\":\"layout\",\"children\":[{\"type\":\"section\",\"props\":{\"header_transparent\":true,\"header_transparent_noplaceholder\":true,\"header_transparent_text_color\":\"light\",\"image_position\":\"center-center\",\"overlap\":false,\"padding_remove_bottom\":false,\"padding_remove_horizontal\":true,\"padding_remove_top\":true,\"sticky\":\"reveal\",\"style\":\"default\",\"title_breakpoint\":\"xl\",\"title_position\":\"top-left\",\"title_rotation\":\"left\",\"vertical_align\":\"\",\"width\":\"\"},\"children\":[{\"type\":\"row\",\"children\":[{\"type\":\"column\",\"props\":{\"image_position\":\"center-center\",\"position_sticky_breakpoint\":\"m\"},\"children\":[{\"type\":\"slideshow\",\"props\":{\"container_padding_remove\":false,\"link_style\":\"default\",\"link_text\":\"weiterlesen\",\"margin\":\"remove-vertical\",\"meta_align\":\"below-title\",\"meta_element\":\"div\",\"meta_style\":\"text-meta\",\"nav\":\"\",\"nav_align\":\"center\",\"nav_breakpoint\":\"s\",\"nav_position\":\"bottom-center\",\"nav_position_margin\":\"medium\",\"overlay_animation\":\"parallax\",\"overlay_container\":\"default\",\"overlay_position\":\"center-left\",\"show_content\":true,\"show_link\":true,\"show_meta\":true,\"show_thumbnail\":false,\"show_title\":true,\"slidenav\":\"default\",\"slidenav_breakpoint\":\"s\",\"slidenav_margin\":\"medium\",\"slidenav_outside_breakpoint\":\"xl\",\"slideshow_autoplay\":true,\"slideshow_autoplay_pause\":true,\"slideshow_kenburns\":\"alternate\",\"slideshow_min_height\":300,\"text_color\":\"light\",\"thumbnav_height\":\"75\",\"thumbnav_svg_color\":\"emphasis\",\"thumbnav_width\":\"100\",\"title_element\":\"h3\",\"title_hover_style\":\"reset\",\"title_parallax_x\":\"0\",\"title_parallax_y\":\"220\",\"title_style\":\"heading-small\"},\"children\":[{\"type\":\"slideshow_item\",\"props\":{\"image\":\"wp-content\\\/uploads\\\/2019\\\/08\\\/SVW_Blumen_5_zu.jpg\",\"meta\":\"\",\"title\":\"Stadtteilzentrum\"}},{\"type\":\"slideshow_item\",\"props\":{\"image\":\"wp-content\\\/uploads\\\/2017\\\/10\\\/CM-1547-103-1.jpg\",\"title\":\"Stadtteilzentrum\"}}]},{\"type\":\"html\",\"props\":{\"content\":\"<script src=\\\"https:\\\/\\\/cdn.userway.org\\\/widget.js\\\" data-account=\\\"3w1pKCziuN\\\"><\\\/script>\"}}]}]},{\"type\":\"row\",\"children\":[{\"type\":\"column\",\"props\":{\"image_position\":\"center-center\",\"position_sticky_breakpoint\":\"m\",\"width_medium\":\"1-4\",\"width_small\":\"1-2\"},\"children\":[{\"type\":\"button\",\"props\":{\"button_size\":\"large\",\"grid_column_gap\":\"small\",\"grid_row_gap\":\"small\",\"margin\":\"default\",\"text_align\":\"center\"},\"children\":[{\"type\":\"button_item\",\"props\":{\"button_style\":\"secondary\",\"content\":\"\\u00dcber uns\",\"dialog_layout\":\"modal\",\"dialog_offcanvas_flip\":true,\"icon\":\"arrow-right\",\"icon_align\":\"left\",\"link\":\"index.php?page_id=106\"}}]}]},{\"type\":\"column\",\"props\":{\"image_position\":\"center-center\",\"position_sticky_breakpoint\":\"m\",\"width_medium\":\"1-4\",\"width_small\":\"1-2\"},\"children\":[{\"type\":\"button\",\"props\":{\"button_size\":\"large\",\"grid_column_gap\":\"small\",\"grid_row_gap\":\"small\",\"margin\":\"default\",\"text_align\":\"center\"},\"children\":[{\"type\":\"button_item\",\"props\":{\"button_style\":\"secondary\",\"content\":\"Kontakt\",\"dialog_layout\":\"modal\",\"dialog_offcanvas_flip\":true,\"icon\":\"arrow-right\",\"icon_align\":\"left\",\"link\":\"index.php?page_id=74\"}}]}]},{\"type\":\"column\",\"props\":{\"image_position\":\"center-center\",\"position_sticky_breakpoint\":\"m\",\"width_medium\":\"1-4\",\"width_small\":\"1-2\"},\"children\":[{\"type\":\"button\",\"props\":{\"button_size\":\"large\",\"grid_column_gap\":\"small\",\"grid_row_gap\":\"small\",\"margin\":\"default\",\"text_align\":\"center\"},\"children\":[{\"type\":\"button_item\",\"props\":{\"button_style\":\"secondary\",\"content\":\"Mieten\",\"dialog_layout\":\"modal\",\"dialog_offcanvas_flip\":true,\"icon\":\"arrow-right\",\"icon_align\":\"left\",\"link\":\"index.php?page_id=695\"}}]}]},{\"type\":\"column\",\"props\":{\"image_position\":\"center-center\",\"position_sticky_breakpoint\":\"m\",\"width_medium\":\"1-4\",\"width_small\":\"1-2\"},\"children\":[{\"type\":\"button\",\"props\":{\"button_size\":\"large\",\"grid_column_gap\":\"small\",\"grid_row_gap\":\"small\",\"margin\":\"default\",\"text_align\":\"center\"},\"children\":[{\"type\":\"button_item\",\"props\":{\"button_style\":\"secondary\",\"content\":\"Kennenlernen\",\"dialog_layout\":\"modal\",\"dialog_offcanvas_flip\":true,\"icon\":\"arrow-right\",\"icon_align\":\"left\",\"link\":\"index.php?page_id=112\"}}]}]}],\"props\":{\"layout\":\"1-4,1-4,1-4,1-4|1-2,1-2,1-2,1-2\"}},{\"type\":\"row\",\"props\":{\"layout\":\"1-3,1-3,1-3\"},\"children\":[{\"type\":\"column\",\"props\":{\"image_position\":\"center-center\",\"position_sticky_breakpoint\":\"m\",\"style\":\"tile-secondary\",\"width_medium\":\"1-3\"},\"children\":[{\"type\":\"image\",\"props\":{\"image\":\"wp-content\\\/uploads\\\/2023\\\/03\\\/Schluessel.png\",\"image_height\":\"50\",\"image_svg_color\":\"emphasis\",\"image_width\":\"50\",\"link\":\"index.php?page_id=695\",\"margin\":\"default\",\"text_align\":\"center\"}},{\"type\":\"text\",\"props\":{\"column_breakpoint\":\"m\",\"content\":\"\n\n<h2><a href=\\\"https:\\\/\\\/stadtteilzentrum.info\\\/?page_id=695\\\">Vermietung &amp; Preise<\\\/a><\\\/h2>\",\"margin\":\"default\",\"text_align\":\"center\"}},{\"type\":\"text\",\"props\":{\"column_breakpoint\":\"m\",\"content\":\"\n\n<p><a href=\\\"https:\\\/\\\/stadtteilzentrum.info\\\/?page_id=695\\\">Unsere R\\u00e4ume sind 24 bis 160 Quadratmeter gro\\u00df und barrierefrei zu erreichen.<\\\/a><\\\/p>\",\"margin\":\"default\",\"text_align\":\"center\"}}]},{\"type\":\"column\",\"props\":{\"image_position\":\"center-center\",\"position_sticky_breakpoint\":\"m\",\"style\":\"tile-secondary\",\"width_medium\":\"1-3\"},\"children\":[{\"type\":\"image\",\"props\":{\"image\":\"wp-content\\\/uploads\\\/2023\\\/03\\\/Buch.png\",\"image_height\":\"50\",\"image_svg_color\":\"emphasis\",\"image_width\":\"50\",\"link\":\"https:\\\/\\\/stadtteilzentrum.info\\\/wp-content\\\/uploads\\\/2018\\\/09\\\/DasHauskennenlernen_A4.pdf\",\"link_target\":\"blank\",\"margin\":\"default\",\"text_align\":\"center\"}},{\"type\":\"text\",\"props\":{\"column_breakpoint\":\"m\",\"content\":\"\n\n<h2><a href=\\\"https:\\\/\\\/stadtteilzentrum.info\\\/wp-content\\\/uploads\\\/2018\\\/09\\\/DasHauskennenlernen_A4.pdf\\\" target=\\\"_blank\\\" rel=\\\"noopener\\\">Info-Flyer<\\\/a><\\\/h2>\",\"margin\":\"default\",\"text_align\":\"center\"}},{\"type\":\"text\",\"props\":{\"column_breakpoint\":\"m\",\"content\":\"\n\n<p><a href=\\\"https:\\\/\\\/stadtteilzentrum.info\\\/wp-content\\\/uploads\\\/2018\\\/09\\\/DasHauskennenlernen_A4.pdf\\\" data-wplink-url-error=\\\"true\\\" target=\\\"_blank\\\" rel=\\\"noopener\\\">Alle Informationen f\\u00fcr Sie auf einen Blick zum Herunterladen.<\\\/a><\\\/p>\",\"margin\":\"default\",\"text_align\":\"center\"}}]},{\"type\":\"column\",\"props\":{\"image_position\":\"center-center\",\"position_sticky_breakpoint\":\"m\",\"style\":\"tile-secondary\",\"width_medium\":\"1-3\"},\"children\":[{\"type\":\"image\",\"props\":{\"image\":\"wp-content\\\/uploads\\\/2023\\\/03\\\/Personen.png\",\"image_height\":\"50\",\"image_svg_color\":\"emphasis\",\"image_width\":\"50\",\"link\":\"index.php?page_id=142\",\"margin\":\"default\",\"text_align\":\"center\"}},{\"type\":\"text\",\"props\":{\"column_breakpoint\":\"m\",\"content\":\"\n\n<h2><a href=\\\"https:\\\/\\\/stadtteilzentrum.info\\\/?page_id=142\\\" rel=\\\"noopener\\\">Die Nutzer<\\\/a><\\\/h2>\",\"margin\":\"default\",\"text_align\":\"center\"}},{\"type\":\"text\",\"props\":{\"column_breakpoint\":\"m\",\"content\":\"\n\n<p><a href=\\\"https:\\\/\\\/stadtteilzentrum.info\\\/?page_id=142\\\" rel=\\\"noopener\\\">Erfahren Sie mehr \\u00fcber die regelm\\u00e4\\u00dfigen Nutzer des Stadtteilzentrums.<\\\/a><\\\/p>\",\"margin\":\"default\",\"text_align\":\"center\"}}]}]},{\"type\":\"row\",\"props\":{\"layout\":\"1-4,1-2,1-4\"},\"children\":[{\"type\":\"column\",\"props\":{\"image_position\":\"center-center\",\"position_sticky_breakpoint\":\"m\",\"width_medium\":\"1-4\"},\"children\":[{\"type\":\"image\",\"props\":{\"image\":\"wp-content\\\/uploads\\\/2016\\\/04\\\/Stadtteilz_2.jpg\",\"image_svg_color\":\"emphasis\",\"margin\":\"default\"}}]},{\"type\":\"column\",\"props\":{\"image_position\":\"center-center\",\"position_sticky_breakpoint\":\"m\",\"width_medium\":\"1-2\"},\"children\":[{\"type\":\"text\",\"props\":{\"column_breakpoint\":\"m\",\"content\":\"\n\n<h1>Das Stadtteilzentrum Vorderer Westen \\u2013 die zentralen B\\u00fcrgerr\\u00e4ume in Kassel<\\\/h1>\\n\n\n<p>Sie suchen R\\u00e4ume f\\u00fcr Ihre Veranstaltung im Kasseler Westen? Wir haben Ihren Wunschraum. Unsere R\\u00e4ume sind zwischen 24 und 160 Quadratmeter gro\\u00df und barrierefrei erreichbar. Auf stadtteilzentrum.info k\\u00f6nnen Sie<span>\\u00a0<\\\/span><a href=\\\"https:\\\/\\\/stadtteilzentrum.info\\\/?page_id=112\\\">das Haus kennenlernen<\\\/a>,<span>\\u00a0<\\\/span><a href=\\\"https:\\\/\\\/stadtteilzentrum.info\\\/?page_id=695\\\">Buchungsanfragen stellen<\\\/a><span>\\u00a0<\\\/span>und sich \\u00fcber<span>\\u00a0<\\\/span><a href=\\\"https:\\\/\\\/stadtteilzentrum.info\\\/?page_id=142\\\">die Nutzer<\\\/a><span>\\u00a0<\\\/span>und ihre Veranstaltungen im Stadtteilzentrum Vorderer Westen informieren.<\\\/p>\\n\n\n<ul>\\n\n\n<li>Die zur Vermietung stehenden R\\u00e4ume haben folgende Gr\\u00f6\\u00dfen:<\\\/li>\\n\n\n<li style=\\\"list-style-type: none;\\\">\\n\n\n<ul>\\n\n\n<li><strong>Saal<\\\/strong><span>\\u00a0<\\\/span>150 m\\u00b2<\\\/li>\\n\n\n<li><strong>Raum 1<\\\/strong><span>\\u00a0<\\\/span>35 m\\u00b2<\\\/li>\\n\n\n<li><strong>Raum 2<\\\/strong><span>\\u00a0<\\\/span>24 m\\u00b2<\\\/li>\\n\n\n<li><strong>Raum 3<\\\/strong><span>\\u00a0<\\\/span>35 m\\u00b2<\\\/li>\\n\n\n<li><strong>Raum 4<\\\/strong><span>\\u00a0<\\\/span>(steht nur in Ausnahmef\\u00e4llen f\\u00fcr externe Nutzungen zur Verf\\u00fcgung) ca. 50 m\\u00b2<\\\/li>\\n<\\\/ul>\\n<\\\/li>\\n<\\\/ul>\\n\n\n<ul>\\n\n\n<li>Werden folgende Mindestraumgr\\u00f6\\u00dfen pro Teilnehmer vorausgesetzt\\n\n\n<ul>\\n\n\n<li>Seminarveranstaltungen 5 m\\u00b2 pro Person<\\\/li>\\n\n\n<li>Familienfeier 10 m\\u00b2 pro Person<br \\\/>ergeben sich aus den genannte Raumgr\\u00f6\\u00dfen folgende max. Personenzahl pro Nutzung:<\\\/li>\\n<\\\/ul>\\n<\\\/li>\\n<\\\/ul>\\n\n\n<ul>\\n\n\n<li><strong>Saal:<\\\/strong>\\n\n\n<ul>\\n\n\n<li>Seminar-Sitzungsnutzungen max. 30 Personen<\\\/li>\\n\n\n<li>Familienfeiern max. 15 Personen<\\\/li>\\n<\\\/ul>\\n<\\\/li>\\n\n\n<li><strong>Raum 1:<\\\/strong>\\n\n\n<ul>\\n\n\n<li>Seminar-Sitzungsnutzungen max. 7 Personen<\\\/li>\\n\n\n<li>Familienfeiern nicht m\\u00f6glich<\\\/li>\\n<\\\/ul>\\n<\\\/li>\\n\n\n<li><strong>Raum 2:<\\\/strong>\\n\n\n<ul>\\n\n\n<li>Seminar-Sitzungsnutzungen max. 4 Personen<\\\/li>\\n\n\n<li>Familienfeiern nicht m\\u00f6glich<\\\/li>\\n<\\\/ul>\\n<\\\/li>\\n\n\n<li><strong>Raum 3:<\\\/strong>\\n\n\n<ul>\\n\n\n<li>Seminar-Sitzungsnutzungen max. 7 Personen<\\\/li>\\n\n\n<li>Familienfeiern nicht m\\u00f6glich<\\\/li>\\n<\\\/ul>\\n<\\\/li>\\n\n\n<li><strong>Raum 4:<\\\/strong><span>\\u00a0<\\\/span>(steht nur in Ausnahmef\\u00e4llen f\\u00fcr externe Nutzungen zur Verf\\u00fcgung)\\n\n\n<ul>\\n\n\n<li>Seminar-Sitzungsnutzungen max. 10 Personen<\\\/li>\\n\n\n<li>Familienfeiern nicht m\\u00f6glich<\\\/li>\\n<\\\/ul>\\n<\\\/li>\\n<\\\/ul>\",\"margin\":\"default\"}}]},{\"type\":\"column\",\"props\":{\"image_position\":\"center-center\",\"position_sticky_breakpoint\":\"m\",\"width_medium\":\"1-4\"},\"children\":[{\"type\":\"module\",\"props\":{\"menu_image_align\":\"center\",\"menu_image_margin\":true,\"menu_style\":\"default\",\"menu_type\":\"nav\",\"type\":\"search\",\"widget\":\"search-2\"}},{\"type\":\"text\",\"props\":{\"column_breakpoint\":\"m\",\"content\":\"\n\n<h3>Neuste Beitr\\u00e4ge<\\\/h3>\",\"margin\":\"default\"}},{\"type\":\"module\",\"props\":{\"menu_image_align\":\"center\",\"menu_image_margin\":true,\"menu_style\":\"default\",\"menu_type\":\"nav\",\"type\":\"recent-posts\",\"widget\":\"recent-posts-2\"}}]}]}]}],\"version\":\"4.5.33\"} --><\/p>\n","protected":false},"excerpt":{"rendered":"<p>Stadtteilzentrum Stadtteilzentrum \u00dcber uns Kontakt Mieten Kennenlernen Vermietung &amp; Preise Unsere R\u00e4ume sind 24 bis 160 Quadratmeter gro\u00df und barrierefrei zu erreichen. Info-Flyer Alle Informationen f\u00fcr Sie auf einen Blick zum Herunterladen. Die Nutzer Erfahren Sie mehr \u00fcber die regelm\u00e4\u00dfigen Nutzer des Stadtteilzentrums. Das Stadtteilzentrum Vorderer Westen \u2013 die zentralen B\u00fcrgerr\u00e4ume in Kassel Sie suchen [&hellip;]<\/p>\n","protected":false},"author":1,"featured_media":0,"parent":0,"menu_order":0,"comment_status":"closed","ping_status":"closed","template":"","meta":{"footnotes":""},"class_list":["post-51","page","type-page","status-publish","hentry"],"_links":{"self":[{"href":"https:\/\/stadtteilzentrum.info\/index.php?rest_route=\/wp\/v2\/pages\/51","targetHints":{"allow":["GET"]}}],"collection":[{"href":"https:\/\/stadtteilzentrum.info\/index.php?rest_route=\/wp\/v2\/pages"}],"about":[{"href":"https:\/\/stadtteilzentrum.info\/index.php?rest_route=\/wp\/v2\/types\/page"}],"author":[{"embeddable":true,"href":"https:\/\/stadtteilzentrum.info\/index.php?rest_route=\/wp\/v2\/users\/1"}],"replies":[{"embeddable":true,"href":"https:\/\/stadtteilzentrum.info\/index.php?rest_route=%2Fwp%2Fv2%2Fcomments&post=51"}],"version-history":[{"count":146,"href":"https:\/\/stadtteilzentrum.info\/index.php?rest_route=\/wp\/v2\/pages\/51\/revisions"}],"predecessor-version":[{"id":1210,"href":"https:\/\/stadtteilzentrum.info\/index.php?rest_route=\/wp\/v2\/pages\/51\/revisions\/1210"}],"wp:attachment":[{"href":"https:\/\/stadtteilzentrum.info\/index.php?rest_route=%2Fwp%2Fv2%2Fmedia&parent=51"}],"curies":[{"name":"wp","href":"https:\/\/api.w.org\/{rel}","templated":true}]}}