{"id":74,"date":"2016-04-02T21:21:36","date_gmt":"2016-04-02T19:21:36","guid":{"rendered":"http:\/\/stadtteilzentrum.info\/?page_id=74"},"modified":"2023-06-13T10:11:48","modified_gmt":"2023-06-13T08:11:48","slug":"kontakt","status":"publish","type":"page","link":"https:\/\/stadtteilzentrum.info\/?page_id=74","title":{"rendered":"Kontakt"},"content":{"rendered":"<h1>Kontakt<\/h1>\n<p><img decoding=\"async\" src=\"\/wp-content\/uploads\/2016\/04\/Foto-2.png\" alt=\"\"><\/p>\n<div>\n<p>Das Stadtteilzentrum Vorderer Westen wird von der Evangelischen Friedenskirche Kassel getragen:<\/p>\n<p><strong>Stadtteilzentrum Vorderer Westen<br \/>Elfbuchenstra\u00dfe 3<br \/>34119 Kassel<\/strong><\/p>\n<p><a href=\"https:\/\/martin-forciniti.net\/stadtteilzentrum\/?page_id=695\">Anfragen zur Raumnutzung<\/a><span>\u00a0<\/span>richten Sie bitte an das Pfarramt 2 der Friedenskirche (Gesch\u00e4ftsf\u00fchrung)<\/p>\n<p>Pfarrer Carsten K\u00f6stner-Norbisrath<br \/>Elfbuchenstr. 3<br \/>34119 Kassel<br \/>Tel 0561\/36727<br \/><a href=\"mailto:pfarramt.kassel-friedenskirche-2@ekkw.de\">pfarramt.kassel-friedenskirche-2@ekkw.de<\/a><\/p>\n<\/div>\n<div>\n<h3>Neuste Beitr\u00e4ge<\/h3>\n<\/div>\n<div>\n<h4>Kontaktformular<\/h4>\n<\/div>\n<div>\n<style id=\"wpforms-css-vars-1099\">\n\t\t\t\t#wpforms-1099 {\n\t\t\t\t\n\t\t\t}\n\t\t\t<\/style><div class=\"wpforms-container wpforms-container-full wpforms-render-modern\" id=\"wpforms-1099\"><form id=\"wpforms-form-1099\" class=\"wpforms-validate wpforms-form wpforms-ajax-form\" data-formid=\"1099\" method=\"post\" enctype=\"multipart\/form-data\" action=\"\/index.php?rest_route=%2Fwp%2Fv2%2Fpages%2F74\" data-token=\"045854475509912942a079c52ea7b78b\" data-token-time=\"1776376162\"><noscript class=\"wpforms-error-noscript\">Bitte aktiviere JavaScript in deinem Browser, um dieses Formular fertigzustellen.<\/noscript><div id=\"wpforms-error-noscript\" style=\"display: none;\">Bitte aktiviere JavaScript in deinem Browser, um dieses Formular fertigzustellen.<\/div><div class=\"wpforms-field-container\"><div id=\"wpforms-1099-field_0-container\" class=\"wpforms-field wpforms-field-name\" data-field-id=\"0\"><fieldset><legend class=\"wpforms-field-label\">Name <span class=\"wpforms-required-label\" aria-hidden=\"true\">*<\/span><\/legend><div class=\"wpforms-field-row wpforms-field-medium\"><div class=\"wpforms-field-row-block wpforms-first wpforms-one-half\"><input type=\"text\" id=\"wpforms-1099-field_0\" class=\"wpforms-field-name-first wpforms-field-required\" name=\"wpforms[fields][0][first]\" aria-errormessage=\"wpforms-1099-field_0-error\" required><label for=\"wpforms-1099-field_0\" class=\"wpforms-field-sublabel after\">Vorname<\/label><\/div><div class=\"wpforms-field-row-block wpforms-one-half\"><input type=\"text\" id=\"wpforms-1099-field_0-last\" class=\"wpforms-field-name-last wpforms-field-required\" name=\"wpforms[fields][0][last]\" aria-errormessage=\"wpforms-1099-field_0-last-error\" required><label for=\"wpforms-1099-field_0-last\" class=\"wpforms-field-sublabel after\">Nachname<\/label><\/div><\/div><\/fieldset><\/div><div id=\"wpforms-1099-field_1-container\" class=\"wpforms-field wpforms-field-email\" data-field-id=\"1\"><label class=\"wpforms-field-label\" for=\"wpforms-1099-field_1\">E-Mail <span class=\"wpforms-required-label\" aria-hidden=\"true\">*<\/span><\/label><input type=\"email\" id=\"wpforms-1099-field_1\" class=\"wpforms-field-medium wpforms-field-required\" name=\"wpforms[fields][1]\" spellcheck=\"false\" aria-errormessage=\"wpforms-1099-field_1-error\" required><\/div><div id=\"wpforms-1099-field_2-container\" class=\"wpforms-field wpforms-field-textarea\" data-field-id=\"2\"><label class=\"wpforms-field-label\" for=\"wpforms-1099-field_2\">Kommentar oder Nachricht<\/label><textarea id=\"wpforms-1099-field_2\" class=\"wpforms-field-medium\" name=\"wpforms[fields][2]\" aria-errormessage=\"wpforms-1099-field_2-error\" ><\/textarea><\/div><div id=\"wpforms-1099-field_6-container\" class=\"wpforms-field wpforms-field-gdpr-checkbox\" data-field-id=\"6\"><label class=\"wpforms-field-label\">DSGVO-Einverst\u00e4ndnis <span class=\"wpforms-required-label\" aria-hidden=\"true\">*<\/span><\/label><ul id=\"wpforms-1099-field_6\" class=\"wpforms-field-required\"><li class=\"choice-1\"><input type=\"checkbox\" id=\"wpforms-1099-field_6_1\" name=\"wpforms[fields][6][]\" value=\"Ich willige ein, dass diese Website meine \u00fcbermittelten Informationen speichert, sodass meine Anfrage beantwortet werden kann.\" aria-errormessage=\"wpforms-1099-field_6_1-error\" required ><label class=\"wpforms-field-label-inline\" for=\"wpforms-1099-field_6_1\">Ich willige ein, dass diese Website meine \u00fcbermittelten Informationen speichert, sodass meine Anfrage beantwortet werden kann.<\/label><\/li><\/ul><\/div><\/div><!-- .wpforms-field-container --><div class=\"wpforms-recaptcha-container wpforms-is-recaptcha wpforms-is-recaptcha-type-v2\" ><div class=\"g-recaptcha\" data-sitekey=\"6LfIkjolAAAAAAt9Z9hWdtShytDKZx_PqNpsVOs6\"><\/div><input type=\"text\" name=\"g-recaptcha-hidden\" class=\"wpforms-recaptcha-hidden\" style=\"position:absolute!important;clip:rect(0,0,0,0)!important;height:1px!important;width:1px!important;border:0!important;overflow:hidden!important;padding:0!important;margin:0!important;\" data-rule-recaptcha=\"1\"><\/div><div class=\"wpforms-submit-container\" ><input type=\"hidden\" name=\"wpforms[id]\" value=\"1099\"><input type=\"hidden\" name=\"page_title\" value=\"\"><input type=\"hidden\" name=\"page_url\" value=\"https:\/\/stadtteilzentrum.info\/index.php?rest_route=\/wp\/v2\/pages\/74\"><input type=\"hidden\" name=\"url_referer\" value=\"\"><button type=\"submit\" name=\"wpforms[submit]\" id=\"wpforms-submit-1099\" class=\"wpforms-submit\" data-alt-text=\"Senden\u2026\" data-submit-text=\"Absenden\" aria-live=\"assertive\" value=\"wpforms-submit\">Absenden<\/button><img loading=\"lazy\" decoding=\"async\" src=\"https:\/\/stadtteilzentrum.info\/wp-content\/plugins\/wpforms\/assets\/images\/submit-spin.svg\" class=\"wpforms-submit-spinner\" style=\"display: none;\" width=\"26\" height=\"26\" alt=\"Wird geladen\"><\/div><\/form><\/div>  <!-- .wpforms-container --><\/div>\n<p><!--more--><br \/>\n<!-- {\"type\":\"layout\",\"children\":[{\"type\":\"section\",\"props\":{\"image_position\":\"center-center\",\"style\":\"default\",\"title_breakpoint\":\"xl\",\"title_position\":\"top-left\",\"title_rotation\":\"left\",\"vertical_align\":\"middle\",\"width\":\"default\"},\"children\":[{\"type\":\"row\",\"children\":[{\"type\":\"column\",\"props\":{\"image_position\":\"center-center\",\"position_sticky_breakpoint\":\"m\"},\"children\":[{\"type\":\"headline\",\"props\":{\"content\":\"Kontakt\",\"title_element\":\"h1\"}}]}]},{\"type\":\"row\",\"props\":{\"layout\":\"1-4,1-2,1-4\"},\"children\":[{\"type\":\"column\",\"props\":{\"image_position\":\"center-center\",\"position_sticky_breakpoint\":\"m\",\"width_medium\":\"1-4\"},\"children\":[{\"type\":\"image\",\"props\":{\"image\":\"wp-content\\\/uploads\\\/2016\\\/04\\\/Foto-2.png\",\"image_svg_color\":\"emphasis\",\"margin\":\"default\"}}]},{\"type\":\"column\",\"props\":{\"image_position\":\"center-center\",\"position_sticky_breakpoint\":\"m\",\"width_medium\":\"1-2\"},\"children\":[{\"type\":\"text\",\"props\":{\"column_breakpoint\":\"m\",\"content\":\"\n\n<p>Das Stadtteilzentrum Vorderer Westen wird von der Evangelischen Friedenskirche Kassel getragen:<\\\/p>\\n\n\n<p><strong>Stadtteilzentrum Vorderer Westen<br \\\/>Elfbuchenstra\\u00dfe 3<br \\\/>34119 Kassel<\\\/strong><\\\/p>\\n\n\n<p><a href=\\\"https:\\\/\\\/martin-forciniti.net\\\/stadtteilzentrum\\\/?page_id=695\\\">Anfragen zur Raumnutzung<\\\/a><span>\\u00a0<\\\/span>richten Sie bitte an das Pfarramt 2 der Friedenskirche (Gesch\\u00e4ftsf\\u00fchrung)<\\\/p>\\n\n\n<p>Pfarrer Carsten K\\u00f6stner-Norbisrath<br \\\/>Elfbuchenstr. 3<br \\\/>34119 Kassel<br \\\/>Tel 0561\\\/36727<br \\\/><a href=\\\"mailto:pfarramt.kassel-friedenskirche-2@ekkw.de\\\">pfarramt.kassel-friedenskirche-2@ekkw.de<\\\/a><\\\/p>\",\"margin\":\"default\"}}]},{\"type\":\"column\",\"props\":{\"image_position\":\"center-center\",\"position_sticky_breakpoint\":\"m\",\"width_medium\":\"1-4\"},\"children\":[{\"type\":\"module\",\"props\":{\"menu_image_align\":\"center\",\"menu_image_margin\":true,\"menu_style\":\"default\",\"menu_type\":\"nav\",\"type\":\"search\",\"widget\":\"search-2\"}},{\"type\":\"text\",\"props\":{\"column_breakpoint\":\"m\",\"content\":\"\n\n<h3>Neuste Beitr\\u00e4ge<\\\/h3>\",\"margin\":\"default\"}},{\"type\":\"module\",\"props\":{\"menu_image_align\":\"center\",\"menu_image_margin\":true,\"menu_style\":\"default\",\"menu_type\":\"nav\",\"type\":\"recent-posts\",\"widget\":\"recent-posts-2\"}}]}]},{\"type\":\"row\",\"children\":[{\"type\":\"column\",\"props\":{\"image_position\":\"center-center\",\"position_sticky_breakpoint\":\"m\"},\"children\":[{\"type\":\"text\",\"props\":{\"column_breakpoint\":\"m\",\"content\":\"\n\n<h4>Kontaktformular<\\\/h4>\",\"margin\":\"default\"}},{\"type\":\"html\",\"props\":{\"content\":\"[wpforms id=\\\"1099\\\" title=\\\"false\\\"]\"}}]}]}]}],\"version\":\"4.0.5\"} --><\/p>\n","protected":false},"excerpt":{"rendered":"<p>Kontakt Das Stadtteilzentrum Vorderer Westen wird von der Evangelischen Friedenskirche Kassel getragen: Stadtteilzentrum Vorderer WestenElfbuchenstra\u00dfe 334119 Kassel Anfragen zur Raumnutzung\u00a0richten Sie bitte an das Pfarramt 2 der Friedenskirche (Gesch\u00e4ftsf\u00fchrung) Pfarrer Carsten K\u00f6stner-NorbisrathElfbuchenstr. 334119 KasselTel 0561\/36727pfarramt.kassel-friedenskirche-2@ekkw.de Neuste Beitr\u00e4ge Kontaktformular<\/p>\n","protected":false},"author":1,"featured_media":0,"parent":0,"menu_order":0,"comment_status":"closed","ping_status":"closed","template":"","meta":{"footnotes":""},"class_list":["post-74","page","type-page","status-publish","hentry"],"_links":{"self":[{"href":"https:\/\/stadtteilzentrum.info\/index.php?rest_route=\/wp\/v2\/pages\/74","targetHints":{"allow":["GET"]}}],"collection":[{"href":"https:\/\/stadtteilzentrum.info\/index.php?rest_route=\/wp\/v2\/pages"}],"about":[{"href":"https:\/\/stadtteilzentrum.info\/index.php?rest_route=\/wp\/v2\/types\/page"}],"author":[{"embeddable":true,"href":"https:\/\/stadtteilzentrum.info\/index.php?rest_route=\/wp\/v2\/users\/1"}],"replies":[{"embeddable":true,"href":"https:\/\/stadtteilzentrum.info\/index.php?rest_route=%2Fwp%2Fv2%2Fcomments&post=74"}],"version-history":[{"count":22,"href":"https:\/\/stadtteilzentrum.info\/index.php?rest_route=\/wp\/v2\/pages\/74\/revisions"}],"predecessor-version":[{"id":1103,"href":"https:\/\/stadtteilzentrum.info\/index.php?rest_route=\/wp\/v2\/pages\/74\/revisions\/1103"}],"wp:attachment":[{"href":"https:\/\/stadtteilzentrum.info\/index.php?rest_route=%2Fwp%2Fv2%2Fmedia&parent=74"}],"curies":[{"name":"wp","href":"https:\/\/api.w.org\/{rel}","templated":true}]}}