{"id":80,"date":"2016-04-02T22:20:45","date_gmt":"2016-04-02T20:20:45","guid":{"rendered":"http:\/\/stadtteilzentrum.info\/?page_id=80"},"modified":"2023-06-14T12:58:14","modified_gmt":"2023-06-14T10:58:14","slug":"anfahrt","status":"publish","type":"page","link":"https:\/\/stadtteilzentrum.info\/?page_id=80","title":{"rendered":"Anfahrt"},"content":{"rendered":"<h1>\n<h1 class=\"entry-title\">Anfahrt<\/h1>\n<\/h1>\n<div>\n<p>Stadtteilzentrum Vorderer Westen<br \/>Elfbuchenstra\u00dfe 3<br \/>34119 Kassel<\/p>\n<h2>Auto<\/h2>\n<p>Die Parkm\u00f6glichkeiten im Umfeld des Stadtteilzentrums sind begrenzt, weitere Stellpl\u00e4tze in der Samuel-Beckett-Anlage. Nutzen Sie den Routenplaner von Google Maps, um uns zu finden:<\/p>\n<p><iframe width=\"600\" height=\"450\" loading=\"lazy\" src=\"https:\/\/www.google.com\/maps\/embed?pb=!1m23!1m12!1m3!1d79798.28545814233!2d9.397243050899004!3d51.31670931376257!2m3!1f0!2f0!3f0!3m2!1i1024!2i768!4f13.1!4m8!3e6!4m0!4m5!1s0x47bb3f6a039de39b%3A0x88ce965d425d797c!2sstadtteilzentrum+vorderer+westen!3m2!1d51.316730199999995!2d9.467282599999999!5e0!3m2!1sde!2sde!4v1459628406099\" frameborder=\"0\" allowfullscreen=\"allowfullscreen\" data-mce-fragment=\"1\"><\/iframe><\/p>\n<h2>\u00d6ffentlicher Nahverkehr<\/h2>\n<p>Das Stadtteilzentrum Vorderer Westen erreichen Sie mit dem \u00d6PNV:<span>\u00a0<\/span><strong>Haltestelle Friedenskirche<\/strong><span>\u00a0<\/span>(Linie 4, 8 und 27). Vom Bahnhof Wilhelmsh\u00f6he ben\u00f6tigen Sie mit Tram 4 (Richtung Kaufungen-Papierfabrik&gt;Helsa&gt;Hess. Lichtenau) sechs Minuten. Mit Bus 27, Tram 4 und 8 ben\u00f6tigen Sie vom K\u00f6nigsplatz zehn Minuten Fahrtzeit.<span>\u00a0<\/span><\/p>\n<p><a href=\"https:\/\/auskunft.nvv.de\/\"><strong>Hier geht es zur Fahrplan-Auskunft<\/strong><\/a>.<\/p>\n<p>An der Friedenskirche finden Sie eine<span>\u00a0<\/span><strong><a href=\"https:\/\/www.nextbike.de\/de\/kassel\/\">Nextbike-Station<\/a><\/strong>.<br \/>Der Parkplatz der Friedenskirche ist Carsharing-Standort von <strong><a href=\"https:\/\/stattauto.net\" target=\"_blank\" rel=\"noopener\">Stattauto Kassel<\/a><\/strong>.<\/p>\n<\/div>\n<div>\n<h3>Neuste Beitr\u00e4ge<\/h3>\n<\/div>\n<div>\n<h3>Links<\/h3>\n<\/div>\n<p><!--more--><br \/>\n<!-- {\"type\":\"layout\",\"children\":[{\"type\":\"section\",\"props\":{\"image_position\":\"center-center\",\"style\":\"default\",\"title_breakpoint\":\"xl\",\"title_position\":\"top-left\",\"title_rotation\":\"left\",\"vertical_align\":\"middle\",\"width\":\"default\"},\"children\":[{\"type\":\"row\",\"children\":[{\"type\":\"column\",\"props\":{\"image_position\":\"center-center\",\"position_sticky_breakpoint\":\"m\"},\"children\":[{\"type\":\"headline\",\"props\":{\"content\":\"\n\n<h1 class=\\\"entry-title\\\">Anfahrt<\\\/h1>\",\"title_element\":\"h1\"}}]}]},{\"type\":\"row\",\"props\":{\"layout\":\"2-3,1-3\"},\"children\":[{\"type\":\"column\",\"props\":{\"image_position\":\"center-center\",\"position_sticky_breakpoint\":\"m\",\"width_medium\":\"2-3\"},\"children\":[{\"type\":\"text\",\"props\":{\"column_breakpoint\":\"m\",\"content\":\"\n\n<p>Stadtteilzentrum Vorderer Westen<br \\\/>Elfbuchenstra\\u00dfe 3<br \\\/>34119 Kassel<\\\/p>\\n\n\n<h2>Auto<\\\/h2>\\n\n\n<p>Die Parkm\\u00f6glichkeiten im Umfeld des Stadtteilzentrums sind begrenzt, weitere Stellpl\\u00e4tze in der Samuel-Beckett-Anlage. Nutzen Sie den Routenplaner von Google Maps, um uns zu finden:<\\\/p>\\n\n\n<p><iframe width=\\\"600\\\" height=\\\"450\\\" loading=\\\"lazy\\\" src=\\\"https:\\\/\\\/www.google.com\\\/maps\\\/embed?pb=!1m23!1m12!1m3!1d79798.28545814233!2d9.397243050899004!3d51.31670931376257!2m3!1f0!2f0!3f0!3m2!1i1024!2i768!4f13.1!4m8!3e6!4m0!4m5!1s0x47bb3f6a039de39b%3A0x88ce965d425d797c!2sstadtteilzentrum+vorderer+westen!3m2!1d51.316730199999995!2d9.467282599999999!5e0!3m2!1sde!2sde!4v1459628406099\\\" frameborder=\\\"0\\\" allowfullscreen=\\\"allowfullscreen\\\" data-mce-fragment=\\\"1\\\"><\\\/iframe><\\\/p>\\n\n\n<h2>\\u00d6ffentlicher Nahverkehr<\\\/h2>\\n\n\n<p>Das Stadtteilzentrum Vorderer Westen erreichen Sie mit dem \\u00d6PNV:<span>\\u00a0<\\\/span><strong>Haltestelle Friedenskirche<\\\/strong><span>\\u00a0<\\\/span>(Linie 4, 8 und 27). Vom Bahnhof Wilhelmsh\\u00f6he ben\\u00f6tigen Sie mit Tram 4 (Richtung Kaufungen-Papierfabrik&gt;Helsa&gt;Hess. Lichtenau) sechs Minuten. Mit Bus 27, Tram 4 und 8 ben\\u00f6tigen Sie vom K\\u00f6nigsplatz zehn Minuten Fahrtzeit.<span>\\u00a0<\\\/span><\\\/p>\\n\n\n<p><a href=\\\"https:\\\/\\\/auskunft.nvv.de\\\/\\\"><strong>Hier geht es zur Fahrplan-Auskunft<\\\/strong><\\\/a>.<\\\/p>\\n\n\n<p>An der Friedenskirche finden Sie eine<span>\\u00a0<\\\/span><strong><a href=\\\"https:\\\/\\\/www.nextbike.de\\\/de\\\/kassel\\\/\\\">Nextbike-Station<\\\/a><\\\/strong>.<br \\\/>Der Parkplatz der Friedenskirche ist Carsharing-Standort von <strong><a href=\\\"https:\\\/\\\/stattauto.net\\\" target=\\\"_blank\\\" rel=\\\"noopener\\\">Stattauto Kassel<\\\/a><\\\/strong>.<\\\/p>\",\"margin\":\"default\"}}]},{\"type\":\"column\",\"props\":{\"image_position\":\"center-center\",\"position_sticky_breakpoint\":\"m\",\"width_medium\":\"1-3\"},\"children\":[{\"type\":\"module\",\"props\":{\"menu_image_align\":\"center\",\"menu_image_margin\":true,\"menu_style\":\"default\",\"menu_type\":\"nav\",\"type\":\"search\",\"widget\":\"search-2\"}},{\"type\":\"text\",\"props\":{\"column_breakpoint\":\"m\",\"content\":\"\n\n<h3>Neuste Beitr\\u00e4ge<\\\/h3>\",\"margin\":\"default\"},\"name\":\"\\u00dcberschrift Neuste Beitr\\u00e4ge\"},{\"type\":\"module\",\"props\":{\"menu_image_align\":\"center\",\"menu_image_margin\":true,\"menu_style\":\"default\",\"menu_type\":\"nav\",\"type\":\"recent-posts\",\"widget\":\"recent-posts-2\"}},{\"type\":\"text\",\"props\":{\"column_breakpoint\":\"m\",\"content\":\"\n\n<h3>Links<\\\/h3>\",\"margin\":\"default\"}},{\"type\":\"module\",\"props\":{\"menu_image_align\":\"center\",\"menu_image_margin\":true,\"menu_style\":\"default\",\"menu_type\":\"nav\",\"type\":\"text\",\"widget\":\"text-11\"}}]}]}]}],\"version\":\"4.0.6\"} --><\/p>\n","protected":false},"excerpt":{"rendered":"<p>Anfahrt Stadtteilzentrum Vorderer WestenElfbuchenstra\u00dfe 334119 Kassel Auto Die Parkm\u00f6glichkeiten im Umfeld des Stadtteilzentrums sind begrenzt, weitere Stellpl\u00e4tze in der Samuel-Beckett-Anlage. Nutzen Sie den Routenplaner von Google Maps, um uns zu finden: \u00d6ffentlicher Nahverkehr Das Stadtteilzentrum Vorderer Westen erreichen Sie mit dem \u00d6PNV:\u00a0Haltestelle Friedenskirche\u00a0(Linie 4, 8 und 27). Vom Bahnhof Wilhelmsh\u00f6he ben\u00f6tigen Sie mit Tram 4 [&hellip;]<\/p>\n","protected":false},"author":1,"featured_media":0,"parent":0,"menu_order":0,"comment_status":"closed","ping_status":"closed","template":"","meta":{"footnotes":""},"class_list":["post-80","page","type-page","status-publish","hentry"],"_links":{"self":[{"href":"https:\/\/stadtteilzentrum.info\/index.php?rest_route=\/wp\/v2\/pages\/80","targetHints":{"allow":["GET"]}}],"collection":[{"href":"https:\/\/stadtteilzentrum.info\/index.php?rest_route=\/wp\/v2\/pages"}],"about":[{"href":"https:\/\/stadtteilzentrum.info\/index.php?rest_route=\/wp\/v2\/types\/page"}],"author":[{"embeddable":true,"href":"https:\/\/stadtteilzentrum.info\/index.php?rest_route=\/wp\/v2\/users\/1"}],"replies":[{"embeddable":true,"href":"https:\/\/stadtteilzentrum.info\/index.php?rest_route=%2Fwp%2Fv2%2Fcomments&post=80"}],"version-history":[{"count":42,"href":"https:\/\/stadtteilzentrum.info\/index.php?rest_route=\/wp\/v2\/pages\/80\/revisions"}],"predecessor-version":[{"id":1166,"href":"https:\/\/stadtteilzentrum.info\/index.php?rest_route=\/wp\/v2\/pages\/80\/revisions\/1166"}],"wp:attachment":[{"href":"https:\/\/stadtteilzentrum.info\/index.php?rest_route=%2Fwp%2Fv2%2Fmedia&parent=80"}],"curies":[{"name":"wp","href":"https:\/\/api.w.org\/{rel}","templated":true}]}}